{"id":964,"date":"2025-07-29T08:57:03","date_gmt":"2025-07-29T07:57:03","guid":{"rendered":"https:\/\/soundorigins.kindred.agency\/baglan\/ebeveyn-rehberi\/"},"modified":"2025-09-25T16:24:27","modified_gmt":"2025-09-25T15:24:27","slug":"ebeveyn-rehberi","status":"publish","type":"page","link":"https:\/\/soundorigins.org\/tr\/baglan\/ebeveyn-rehberi\/","title":{"rendered":"Ebeveyn rehberi"},"content":{"rendered":"<div>\n                    <div class=\"relative bg-cover bg-center bg-no-repeat w-full py-8 md:flex md:items-center md:py-0 md:min-h-[408px]\"\n             style=\"background-image: url('https:\/\/soundorigins.org\/app\/uploads\/2025\/07\/Connect-interwoven-sounds-1_Adjust2-2-scaled.jpg')\" >\n            <div class=\"container\">\n  <div style=\"max-width: 700px\">\n                    <h1 class=\"font-title font-medium leading-[42px] md:leading-[59px]! text-[34px] md:text-[49px]! align wp-block-title\">\n                                                    Ebeveynleri, personeli ve bebekleri ses ve \u015fark\u0131 yoluyla ba\u011flant\u0131 kurmalar\u0131 i\u00e7in ipu\u00e7lar\u0131 ve fikirler\n                                            <\/h1>\n                <\/div>\n<\/div>        <\/div>\n    <\/div>\n<section class=\"wp-block-section has-background has-cream-background-color\" style=\"\">\n                    <div class=\"w-full h-full\">\n                <div class=\"acf-innerblocks-container\">\n<div class=\"container\">\n  <nav class=\"sibling-nav flex flex-row rtl:flex-row-reverse items-center lg:gap-[230px] min-h-[74px] gap-[30px] justify-start rtl:justify-end\" class=\"wp-block-page-navigation\">\n                  <a href=\"https:\/\/soundorigins.org\/tr\/baglan\/ebeveyn-rehberi\/\" \n           class=\"sibling-nav-link font-title font-bold text-body tracking-[0.08em] uppercase text-purple no-underline relative transition-colors duration-300 ease-in-out current-page\">\n          Ebeveyn rehberi\n        <\/a>\n              <a href=\"https:\/\/soundorigins.org\/tr\/baglan\/personel-rehberi\/\" \n           class=\"sibling-nav-link font-title font-bold text-body tracking-[0.08em] uppercase text-purple no-underline relative transition-colors duration-300 ease-in-out\">\n          Personel rehberi\n        <\/a>\n            <\/nav>\n<\/div>\n<\/div>\n            <\/div>\n            <\/section>\n<section class=\"wp-block-section\" style=\"\">\n                    <div class=\"w-full h-full\">\n                <div class=\"acf-innerblocks-container\">\n\n<figure class=\"wp-block-image size-large\"><img loading=\"lazy\" decoding=\"async\" width=\"1024\" height=\"290\" src=\"https:\/\/soundorigins.org\/app\/uploads\/2025\/09\/Connect_Parents2-1024x290.jpg\" alt=\"\" class=\"wp-image-768\" srcset=\"https:\/\/soundorigins.org\/app\/uploads\/2025\/09\/Connect_Parents2-1024x290.jpg 1024w, https:\/\/soundorigins.org\/app\/uploads\/2025\/09\/Connect_Parents2-300x85.jpg 300w, https:\/\/soundorigins.org\/app\/uploads\/2025\/09\/Connect_Parents2-768x218.jpg 768w, https:\/\/soundorigins.org\/app\/uploads\/2025\/09\/Connect_Parents2-1536x435.jpg 1536w, https:\/\/soundorigins.org\/app\/uploads\/2025\/09\/Connect_Parents2-2048x580.jpg 2048w\" sizes=\"auto, (max-width: 1024px) 100vw, 1024px\" \/><\/figure>\n\n<\/div>\n            <\/div>\n            <\/section>\n<section class=\"wp-block-section has-background has-pale-white-background-color\" style=\"\">\n                    <div class=\"w-full h-full\">\n                <div class=\"acf-innerblocks-container\">\n\n<div class=\"wp-block-columns is-layout-flex wp-container-core-columns-is-layout-cd6a0e38 wp-block-columns-is-layout-flex\" style=\"padding-bottom:0\">\n<div class=\"wp-block-column is-layout-constrained wp-container-core-column-is-layout-12ccae17 wp-block-column-is-layout-constrained\" style=\"padding-bottom:0\">\n<p class=\"has-purple-color has-text-color has-link-color wp-elements-baf42e8078fbb325c198919d6dc7c030\"><strong>Ses ve \u015fark\u0131 yoluyla bebekle ba\u011flant\u0131 kurma<\/strong><br\/>Bebe\u011finize ses sundu\u011funuzda, onlarla bir konu\u015fma ba\u015flat\u0131yorsunuz. Nas\u0131l hissettiklerini size bildirmeleri i\u00e7in onlara zaman tan\u0131y\u0131n\u0131z. <\/p>\n\n\n\n<p class=\"has-purple-color has-text-color has-link-color wp-elements-925bb075ce252462b7284470eca38fc9\">A\u015fa\u011f\u0131daki g\u00f6rseli rehber olarak kullan\u0131n\u0131z, hem\u015firenize dan\u0131\u015f\u0131n\u0131z veya \u00e7evrimi\u00e7i daha fazla fikir bulmak i\u00e7in <a href=\"https:\/\/shop.bliss.org.uk\/en\/products\/parent-resources\/look-at-me-im-talking-to-you\">bu ba\u011flant\u0131y\u0131<\/a> kullan\u0131n\u0131z.<\/p>\n<\/div>\n<\/div>\n\n<\/div>\n            <\/div>\n            <\/section>\n<section class=\"py-(--wp--custom--spacing--section-padding-mobile-top) md:py-(--wp--custom--spacing--section-padding-desktop) wp-block-section has-background has-pale-white-background-color\" style=\"\">\n                    <div class=\"w-full h-full\">\n                <div class=\"acf-innerblocks-container\">\n<div class=\"alignfull wp-block-breakout-layout w-full\" class=\"alignfull wp-block-breakout-layout\">\n  \n  <div class=\"xl:hidden\">\n    <div class=\"container\">\n  <div class=\"breakout-main-inner mb-8\">\n        <div class=\"acf-innerblocks-container\">\n\n<h2 class=\"wp-block-heading is-style-title-font has-5-xl-font-size\" style=\"padding-bottom:32px\">Hat\u0131rlanmas\u0131 gereken ad\u0131mlar<\/h2>\n\n\n\n<p class=\"is-style-body-font has-purple-color has-text-color has-link-color wp-elements-ee352b2f9161067ef2e97de812efe7eb\"><strong>1. Haz\u0131rlan\u0131n\u0131z<\/strong><br\/>Bebe\u011finiz i\u00e7in neler olup bitiyor? \u015eu an onlar i\u00e7in iyi bir zaman m\u0131? <\/p>\n\n\n\n<p class=\"is-style-body-font has-purple-color has-text-color has-link-color wp-elements-ec884b513481a466af9dfa8cf5b7e79c\"><strong><strong><strong>2. Yakla\u015f\u0131n\u0131z ve bekleyiniz<\/strong><\/strong><\/strong><br\/>Bebe\u011fe bak\u0131n\u0131z, size ne anlat\u0131yor? Ellerinizi ve sesinizi kullanarak bebe\u011fe ne olaca\u011f\u0131n\u0131 anlat\u0131n\u0131z, m\u00fcmk\u00fcnse bebe\u011fin yan\u0131nda veya y\u00fcz y\u00fcze olmaya \u00e7al\u0131\u015f\u0131n\u0131z. 5 kez nefes al\u0131n\u0131z.  <\/p>\n\n\n\n<p class=\"is-style-body-font has-purple-color has-text-color has-link-color wp-elements-3b68fa746a01c2f10bb5490882a7cbcc\"><strong><strong><strong>3. Ba\u011flant\u0131 kurunuz<\/strong><\/strong><\/strong><br\/>Sesler sununuz. G\u00f6zlerinizi, ellerinizi ve seslerinizi kullanarak bebe\u011finize cevap veriniz. <\/p>\n\n\n\n<p class=\"is-style-body-font has-purple-color has-text-color has-link-color wp-elements-3da85ad5119327910f1470a6bb1e3f54\"><strong><strong><strong>4. Uyum sa\u011flay\u0131n\u0131z<\/strong><\/strong><\/strong><br\/>Seslerinizi bebe\u011finizin size s\u00f6ylediklerine g\u00f6re ayarlay\u0131n\u0131z. Belki sesleri yava\u015flatman\u0131z\u0131, duraklaman\u0131z\u0131 veya daha fazlas\u0131na haz\u0131r olduklar\u0131n\u0131 istiyorlar. Sizi daha kolay bulabilecekleri bir pozisyona ihtiya\u00e7lar\u0131 var m\u0131?  <\/p>\n\n\n\n<p class=\"is-style-body-font has-purple-color has-text-color has-link-color wp-elements-ffafc7e0654f70407163c16fc630894c\"><strong><strong><strong>5. Sonland\u0131r\u0131n\u0131z<\/strong><\/strong><\/strong><br\/>Bebe\u011finize bitirdi\u011finizi bildiriniz, ellerinizi sabit tutunuz ve uzakla\u015fmadan \u00f6nce be\u015f kez nefes al\u0131n\u0131z.<\/p>\n\n<\/div>\n      <\/div>\n      \n      \n              <div class=\"breakout-aside\">\n          <div class=\"breakout-aside-inner flex flex-col h-full\">\n            \n                          <div class=\"mobile-aside-content mb-6\" style=\"font-size: 24px; line-height: 130%;\">\n                <p><img loading=\"lazy\" decoding=\"async\" class=\"alignnone size-medium wp-image-282\" src=\"https:\/\/soundorigins.org\/app\/uploads\/2025\/07\/bliss-book-214x300.png\" alt=\"\" width=\"214\" height=\"300\" srcset=\"https:\/\/soundorigins.org\/app\/uploads\/2025\/07\/bliss-book-214x300.png 214w, https:\/\/soundorigins.org\/app\/uploads\/2025\/07\/bliss-book-729x1024.png 729w, https:\/\/soundorigins.org\/app\/uploads\/2025\/07\/bliss-book-768x1078.png 768w, https:\/\/soundorigins.org\/app\/uploads\/2025\/07\/bliss-book.png 800w\" sizes=\"auto, (max-width: 214px) 100vw, 214px\" \/><br \/>\nPremat\u00fcre bir bebe\u011fi izleme ve anlama konusunda <a href=\"https:\/\/shop.bliss.org.uk\/en\/products\/parent-resources\/look-at-me-im-talking-to-you\" target=\"_blank\" rel=\"noreferrer noopener nofollow\" data-type=\"link\" data-id=\"https:\/\/shop.bliss.org.uk\/en\/products\/parent-resources\/look-at-me-im-talking-to-you\">\u00fccretsiz PDF rehberini indiriniz<\/a><\/p>\n\n              <\/div>\n            \n            \n                      <\/div>\n        <\/div>\n<\/div>  <\/div>\n\n  \n  <div class=\"hidden xl:block\">\n    <div \n      class=\"breakout-layout-grid w-full grid gap-8 xl:gap-0\"\n      style=\"grid-template-columns: 1fr minmax(0, 700px) 1fr;\"\n    >\n      \n      <div class=\"breakout-main mx-auto max-w-[700px] px-6 w-full xl:col-start-2 xl:px-0\">\n        <div class=\"breakout-main-inner flex desktop-vertical-center h-full\">\n          <div class=\"acf-innerblocks-container\">\n\n<h2 class=\"wp-block-heading is-style-title-font has-5-xl-font-size\" style=\"padding-bottom:32px\">Hat\u0131rlanmas\u0131 gereken ad\u0131mlar<\/h2>\n\n\n\n<p class=\"is-style-body-font has-purple-color has-text-color has-link-color wp-elements-ee352b2f9161067ef2e97de812efe7eb\"><strong>1. Haz\u0131rlan\u0131n\u0131z<\/strong><br\/>Bebe\u011finiz i\u00e7in neler olup bitiyor? \u015eu an onlar i\u00e7in iyi bir zaman m\u0131? <\/p>\n\n\n\n<p class=\"is-style-body-font has-purple-color has-text-color has-link-color wp-elements-ec884b513481a466af9dfa8cf5b7e79c\"><strong><strong><strong>2. Yakla\u015f\u0131n\u0131z ve bekleyiniz<\/strong><\/strong><\/strong><br\/>Bebe\u011fe bak\u0131n\u0131z, size ne anlat\u0131yor? Ellerinizi ve sesinizi kullanarak bebe\u011fe ne olaca\u011f\u0131n\u0131 anlat\u0131n\u0131z, m\u00fcmk\u00fcnse bebe\u011fin yan\u0131nda veya y\u00fcz y\u00fcze olmaya \u00e7al\u0131\u015f\u0131n\u0131z. 5 kez nefes al\u0131n\u0131z.  <\/p>\n\n\n\n<p class=\"is-style-body-font has-purple-color has-text-color has-link-color wp-elements-3b68fa746a01c2f10bb5490882a7cbcc\"><strong><strong><strong>3. Ba\u011flant\u0131 kurunuz<\/strong><\/strong><\/strong><br\/>Sesler sununuz. G\u00f6zlerinizi, ellerinizi ve seslerinizi kullanarak bebe\u011finize cevap veriniz. <\/p>\n\n\n\n<p class=\"is-style-body-font has-purple-color has-text-color has-link-color wp-elements-3da85ad5119327910f1470a6bb1e3f54\"><strong><strong><strong>4. Uyum sa\u011flay\u0131n\u0131z<\/strong><\/strong><\/strong><br\/>Seslerinizi bebe\u011finizin size s\u00f6ylediklerine g\u00f6re ayarlay\u0131n\u0131z. Belki sesleri yava\u015flatman\u0131z\u0131, duraklaman\u0131z\u0131 veya daha fazlas\u0131na haz\u0131r olduklar\u0131n\u0131 istiyorlar. Sizi daha kolay bulabilecekleri bir pozisyona ihtiya\u00e7lar\u0131 var m\u0131?  <\/p>\n\n\n\n<p class=\"is-style-body-font has-purple-color has-text-color has-link-color wp-elements-ffafc7e0654f70407163c16fc630894c\"><strong><strong><strong>5. Sonland\u0131r\u0131n\u0131z<\/strong><\/strong><\/strong><br\/>Bebe\u011finize bitirdi\u011finizi bildiriniz, ellerinizi sabit tutunuz ve uzakla\u015fmadan \u00f6nce be\u015f kez nefes al\u0131n\u0131z.<\/p>\n\n<\/div>\n        <\/div>\n      <\/div>\n\n      \n              <div class=\"breakout-aside xl:row-start-1 mt-8 xl:mt-0 p-6 xl:p-8 flex flex-col xl:col-start-3 xl:-mr-8\">\n          <div class=\"flex flex-col h-full\"  style=\"max-width: 212px;\" >\n            <div class=\"breakout-aside-inner flex flex-col h-full\">\n              \n                              <div style=\"max-width: 212px; font-size: 24px; line-height: 130%;\" class=\"mb-6\">\n                  <p><img loading=\"lazy\" decoding=\"async\" class=\"alignnone size-medium wp-image-282\" src=\"https:\/\/soundorigins.org\/app\/uploads\/2025\/07\/bliss-book-214x300.png\" alt=\"\" width=\"214\" height=\"300\" srcset=\"https:\/\/soundorigins.org\/app\/uploads\/2025\/07\/bliss-book-214x300.png 214w, https:\/\/soundorigins.org\/app\/uploads\/2025\/07\/bliss-book-729x1024.png 729w, https:\/\/soundorigins.org\/app\/uploads\/2025\/07\/bliss-book-768x1078.png 768w, https:\/\/soundorigins.org\/app\/uploads\/2025\/07\/bliss-book.png 800w\" sizes=\"auto, (max-width: 214px) 100vw, 214px\" \/><br \/>\nPremat\u00fcre bir bebe\u011fi izleme ve anlama konusunda <a href=\"https:\/\/shop.bliss.org.uk\/en\/products\/parent-resources\/look-at-me-im-talking-to-you\" target=\"_blank\" rel=\"noreferrer noopener nofollow\" data-type=\"link\" data-id=\"https:\/\/shop.bliss.org.uk\/en\/products\/parent-resources\/look-at-me-im-talking-to-you\">\u00fccretsiz PDF rehberini indiriniz<\/a><\/p>\n\n                <\/div>\n              \n              \n                          <\/div>\n          <\/div>\n        <\/div>\n        <\/div>\n<\/div>\n\n\n\n<\/div>\n            <\/div>\n            <\/section>\n<section class=\"wp-block-section has-background has-pale-purple-background-color\" style=\"\">\n                    <div class=\"w-full h-full\">\n                <div class=\"acf-innerblocks-container\">\n\n<div class=\"wp-block-columns is-layout-flex wp-container-core-columns-is-layout-28f84493 wp-block-columns-is-layout-flex\">\n<div class=\"wp-block-column is-layout-constrained wp-container-core-column-is-layout-92ef7b19 wp-block-column-is-layout-constrained\">\n<h2 class=\"wp-block-heading is-style-title-font has-purple-color has-text-color has-link-color wp-elements-a0fbe1c528d22e8d8d45aaa32ee5775e\">Seslerinizi ayarlama<\/h2>\n\n\n\n<p class=\"has-purple-color has-text-color has-link-color wp-elements-9fe10f6ede7b7880beeb9455f778ca5f\">Seslerinizi bebe\u011finize uyacak \u015fekilde uyarlayabilirsiniz. Bebe\u011finizin nas\u0131l hissetti\u011fine ve ge\u00e7irdi\u011fi g\u00fcne ba\u011fl\u0131 olarak nas\u0131l ba\u011flant\u0131 kurdu\u011funuzu ayarlay\u0131n\u0131z. <\/p>\n\n\n\n<div class=\"wp-block-buttons hide-on-desktop is-layout-flex wp-block-buttons-is-layout-flex\" style=\"padding-bottom:0rem\">\n<div class=\"wp-block-button is-style-link\"><a class=\"wp-block-button__link has-purple-color has-text-color has-link-color wp-element-button\" href=\"https:\/\/soundorigins.org\/app\/uploads\/2025\/08\/flow.png\" target=\"_blank\" rel=\"noreferrer noopener\">Ba\u011flant\u0131 kurma ipu\u00e7lar\u0131<\/a><\/div>\n<\/div>\n\n\n\n<div class=\"wp-block-buttons hide-on-desktop is-layout-flex wp-block-buttons-is-layout-flex\">\n<div class=\"wp-block-button is-style-link\"><a class=\"wp-block-button__link has-purple-color has-text-color has-link-color wp-element-button\" href=\"https:\/\/soundorigins.org\/app\/uploads\/2025\/11\/flow.jpg\" target=\"_blank\" rel=\"noreferrer noopener\">Uyar\u0131m rehberi<\/a><\/div>\n<\/div>\n<\/div>\n<\/div>\n\n<\/div>\n            <\/div>\n            <\/section>\n<section class=\"py-(--wp--custom--spacing--section-padding-mobile-top) md:py-(--wp--custom--spacing--section-padding-desktop) no-padding-top hide-on-mobile wp-block-section has-background has-pale-purple-background-color\" style=\"\">\n                    <div class=\"w-full h-full\">\n                <div class=\"acf-innerblocks-container\">\n<div class=\"w-full wp-block-full-width-image\">\n\n  <div class=\"px-4 sm:px-6 lg:px-8 max-w-[1440px] mx-auto\">\n  <img decoding=\"async\" \n        src=\"https:\/\/soundorigins.org\/app\/uploads\/2025\/08\/flow-1024x230.png\" \n        alt=\"\"\n        class=\"w-full h-auto object-cover max-w-[1440px] mx-auto\"\n                  srcset=\"https:\/\/soundorigins.org\/app\/uploads\/2025\/08\/flow-300x67.png 768w, https:\/\/soundorigins.org\/app\/uploads\/2025\/08\/flow-1024x230.png 1024w, https:\/\/soundorigins.org\/app\/uploads\/2025\/08\/flow.png 1308w\"\n          sizes=\"100vw\"\n              \/>\n<\/div>\n  <\/div>\n\n\n<div class=\"w-full pt-100px wp-block-full-width-image\">\n\n  <div class=\"px-4 sm:px-6 lg:px-8 max-w-[1440px] mx-auto\">\n  <img decoding=\"async\" \n        src=\"https:\/\/soundorigins.org\/app\/uploads\/2025\/09\/FLow-chart-797x1024.png\" \n        alt=\"\"\n        class=\"w-full h-auto object-cover max-w-[1440px] mx-auto\"\n                  srcset=\"https:\/\/soundorigins.org\/app\/uploads\/2025\/09\/FLow-chart-234x300.png 768w, https:\/\/soundorigins.org\/app\/uploads\/2025\/09\/FLow-chart-797x1024.png 1024w, https:\/\/soundorigins.org\/app\/uploads\/2025\/09\/FLow-chart.png 1243w\"\n          sizes=\"100vw\"\n              \/>\n<\/div>\n  <\/div>\n\n<\/div>\n            <\/div>\n            <\/section>\n<section class=\"wp-block-section has-background has-cream-2-background-color\" style=\"\">\n                    <div class=\"w-full h-full\">\n                <div class=\"acf-innerblocks-container\">\n\n<div class=\"wp-block-columns is-style-vertical-center is-layout-flex wp-container-core-columns-is-layout-a5331a9e wp-block-columns-is-layout-flex\" style=\"padding-top:0;padding-right:0;padding-bottom:0;padding-left:0\">\n<div class=\"wp-block-column is-layout-constrained wp-container-core-column-is-layout-782236d7 wp-block-column-is-layout-constrained\">\n<h2 class=\"wp-block-heading is-style-title-font has-purple-color has-text-color has-link-color wp-elements-e9b653cb686119d690829d5d45838cf5\">Bebe\u011finiz, sesleriniz, ba\u011flant\u0131n\u0131z<\/h2>\n\n\n\n<div class=\"wp-block-buttons is-layout-flex wp-block-buttons-is-layout-flex\">\n<div class=\"wp-block-button\"><a class=\"wp-block-button__link has-cream-color has-bright-purple-background-color has-text-color has-background has-link-color wp-element-button\" href=\"https:\/\/soundorigins.org\/tr\/baglan\/\">Bizimle ileti\u015fime ge\u00e7in<\/a><\/div>\n<\/div>\n<\/div>\n<\/div>\n\n<\/div>\n            <\/div>\n            <\/section>\n","protected":false},"excerpt":{"rendered":"","protected":false},"author":1,"featured_media":0,"parent":878,"menu_order":0,"comment_status":"closed","ping_status":"closed","template":"","meta":{"_acf_changed":false,"navigation_active_colour":"","footnotes":""},"class_list":["post-964","page","type-page","status-publish","hentry"],"acf":[],"_links":{"self":[{"href":"https:\/\/soundorigins.org\/tr\/wp-json\/wp\/v2\/pages\/964","targetHints":{"allow":["GET"]}}],"collection":[{"href":"https:\/\/soundorigins.org\/tr\/wp-json\/wp\/v2\/pages"}],"about":[{"href":"https:\/\/soundorigins.org\/tr\/wp-json\/wp\/v2\/types\/page"}],"author":[{"embeddable":true,"href":"https:\/\/soundorigins.org\/tr\/wp-json\/wp\/v2\/users\/1"}],"replies":[{"embeddable":true,"href":"https:\/\/soundorigins.org\/tr\/wp-json\/wp\/v2\/comments?post=964"}],"version-history":[{"count":1,"href":"https:\/\/soundorigins.org\/tr\/wp-json\/wp\/v2\/pages\/964\/revisions"}],"predecessor-version":[{"id":969,"href":"https:\/\/soundorigins.org\/tr\/wp-json\/wp\/v2\/pages\/964\/revisions\/969"}],"up":[{"embeddable":true,"href":"https:\/\/soundorigins.org\/tr\/wp-json\/wp\/v2\/pages\/878"}],"wp:attachment":[{"href":"https:\/\/soundorigins.org\/tr\/wp-json\/wp\/v2\/media?parent=964"}],"curies":[{"name":"wp","href":"https:\/\/api.w.org\/{rel}","templated":true}]}}