{"id":857,"date":"2025-07-20T14:33:47","date_gmt":"2025-07-20T13:33:47","guid":{"rendered":"https:\/\/soundorigins.kindred.agency\/muzikal-hediyeler\/"},"modified":"2025-10-02T15:22:49","modified_gmt":"2025-10-02T14:22:49","slug":"muzikal-hediyeler","status":"publish","type":"page","link":"https:\/\/soundorigins.org\/tr\/muzikal-hediyeler\/","title":{"rendered":"M\u00fczikal hediyeler"},"content":{"rendered":"<div class=\"wp-elements-97e9866e1a33c96d4a11c68ba6847c40\">\n                    <div class=\"relative bg-cover bg-center bg-no-repeat w-full py-8 md:flex md:items-center md:py-0 md:min-h-[408px]\"\n             style=\"background-image: url('https:\/\/soundorigins.org\/app\/uploads\/2025\/07\/musical-gifts-interwoven-sounds-1_Adjust2-2-scaled.jpg')\" >\n            <div class=\"container\">\n  <div style=\"max-width: 925px\">\n                    <h1 class=\"font-title font-medium leading-[42px] md:leading-[59px]! text-[34px] md:text-[49px]! align wp-elements-97e9866e1a33c96d4a11c68ba6847c40 wp-block-title has-text-color has-cream-color\">\n                                                    Hediyeler toplulu\u011funuzdan<br \/>\r\nsize ve bebe\u011finize payla\u015f\u0131labilir \u2013<br \/>\r\ngerekirse bir m\u00fczik terapistinin<br \/>\r\nyard\u0131m\u0131yla\n                                            <\/h1>\n                <\/div>\n<\/div>        <\/div>\n    <\/div>\n\n\n<section class=\"wp-block-section has-background has-cream-2-background-color\" style=\"\">\n                    <div class=\"w-full h-full\">\n                <div class=\"acf-innerblocks-container\">\n\n<div class=\"wp-block-columns is-layout-flex wp-container-core-columns-is-layout-28f84493 wp-block-columns-is-layout-flex\">\n<div class=\"wp-block-column is-layout-constrained wp-container-core-column-is-layout-92ef7b19 wp-block-column-is-layout-constrained\">\n<p class=\"has-purple-color has-text-color has-link-color wp-elements-afb53e017d8fb8c5b0b719c126e142c4\">D\u00fcnyan\u0131z\u0131n par\u00e7as\u0131 olan yeni bebe\u011fin hayat\u0131n\u0131 kutlamak i\u00e7in, onunla bir ses veya \u015fark\u0131 payla\u015fman\u0131z\u0131 davet etmek istiyoruz. \u00dcnitenizin m\u00fczik terapisti bunu olu\u015fturman\u0131zda size yard\u0131mc\u0131 olabilir. \u015eunlar\u0131 payla\u015fabilirsiniz:<\/p>\n<\/div>\n<\/div>\n\n<\/div>\n            <\/div>\n            <\/section>\n\n\n<section class=\"wp-block-section has-background has-cream-2-background-color\" style=\"\">\n                    <div class=\"container w-full h-full\">\n  <div class=\"acf-innerblocks-container\">\n\n<div class=\"wp-block-group circle-grid is-layout-grid wp-container-core-group-is-layout-988b637e wp-block-group-is-layout-grid\">\n<div class=\"wp-block-group is-layout-flow wp-block-group-is-layout-flow\">\n<figure class=\"wp-block-image size-large is-style-rounded\"><img loading=\"lazy\" decoding=\"async\" width=\"2560\" height=\"1437\" src=\"https:\/\/soundorigins.org\/app\/uploads\/2025\/07\/cfe93f6a35468dbff1c54306c6af02359155c564-scaled.jpg\" alt=\"\" class=\"wp-image-201\" style=\"aspect-ratio:1;object-fit:cover\" srcset=\"https:\/\/soundorigins.org\/app\/uploads\/2025\/07\/cfe93f6a35468dbff1c54306c6af02359155c564-scaled.jpg 2560w, https:\/\/soundorigins.org\/app\/uploads\/2025\/07\/cfe93f6a35468dbff1c54306c6af02359155c564-scaled-300x168.jpg 300w, https:\/\/soundorigins.org\/app\/uploads\/2025\/07\/cfe93f6a35468dbff1c54306c6af02359155c564-scaled-1024x575.jpg 1024w, https:\/\/soundorigins.org\/app\/uploads\/2025\/07\/cfe93f6a35468dbff1c54306c6af02359155c564-scaled-768x431.jpg 768w, https:\/\/soundorigins.org\/app\/uploads\/2025\/07\/cfe93f6a35468dbff1c54306c6af02359155c564-scaled-1536x862.jpg 1536w, https:\/\/soundorigins.org\/app\/uploads\/2025\/07\/cfe93f6a35468dbff1c54306c6af02359155c564-scaled-2048x1150.jpg 2048w\" sizes=\"auto, (max-width: 2560px) 100vw, 2560px\" \/><\/figure>\n\n\n\n<div style=\"height:var(--wp--preset--spacing--medium)\" aria-hidden=\"true\" class=\"wp-block-spacer\"><\/div>\n\n\n\n<p class=\"is-style-body-font has-purple-color has-text-color has-link-color wp-elements-1e96eca4a1a67723ba52716369a3b790\">K\u00fclt\u00fcr\u00fcn\u00fcz\u00fc veya \u00e7ocuklu\u011funuzu kutlayan bir aile \u015fark\u0131s\u0131<\/p>\n<\/div>\n\n\n\n<div class=\"wp-block-group is-layout-flow wp-block-group-is-layout-flow\">\n<figure class=\"wp-block-image size-large is-style-rounded\"><img loading=\"lazy\" decoding=\"async\" width=\"2560\" height=\"1707\" src=\"https:\/\/soundorigins.org\/app\/uploads\/2025\/07\/bb89d72fb86462d60e6a88b6b73213c1609de782-scaled.jpg\" alt=\"\" class=\"wp-image-220\" style=\"aspect-ratio:1;object-fit:cover\" srcset=\"https:\/\/soundorigins.org\/app\/uploads\/2025\/07\/bb89d72fb86462d60e6a88b6b73213c1609de782-scaled.jpg 2560w, https:\/\/soundorigins.org\/app\/uploads\/2025\/07\/bb89d72fb86462d60e6a88b6b73213c1609de782-scaled-300x200.jpg 300w, https:\/\/soundorigins.org\/app\/uploads\/2025\/07\/bb89d72fb86462d60e6a88b6b73213c1609de782-scaled-1024x683.jpg 1024w, https:\/\/soundorigins.org\/app\/uploads\/2025\/07\/bb89d72fb86462d60e6a88b6b73213c1609de782-scaled-768x512.jpg 768w, https:\/\/soundorigins.org\/app\/uploads\/2025\/07\/bb89d72fb86462d60e6a88b6b73213c1609de782-scaled-1536x1024.jpg 1536w, https:\/\/soundorigins.org\/app\/uploads\/2025\/07\/bb89d72fb86462d60e6a88b6b73213c1609de782-scaled-2048x1366.jpg 2048w\" sizes=\"auto, (max-width: 2560px) 100vw, 2560px\" \/><\/figure>\n\n\n\n<div style=\"height:var(--wp--preset--spacing--medium)\" aria-hidden=\"true\" class=\"wp-block-spacer\"><\/div>\n\n\n\n<p class=\"is-style-body-font has-purple-color has-text-color has-link-color wp-elements-6a8e14ad2dc604fcfcc8f0d499ff26d7\">Bir ninni veya \u015fark\u0131lar<\/p>\n<\/div>\n\n\n\n<div class=\"wp-block-group is-layout-flow wp-block-group-is-layout-flow\">\n<figure class=\"wp-block-image size-full is-style-rounded\"><img loading=\"lazy\" decoding=\"async\" width=\"600\" height=\"600\" src=\"https:\/\/soundorigins.org\/app\/uploads\/2025\/07\/book.jpg\" alt=\"\" class=\"wp-image-222\" style=\"aspect-ratio:1;object-fit:cover\" srcset=\"https:\/\/soundorigins.org\/app\/uploads\/2025\/07\/book.jpg 600w, https:\/\/soundorigins.org\/app\/uploads\/2025\/07\/book-300x300.jpg 300w, https:\/\/soundorigins.org\/app\/uploads\/2025\/07\/book-150x150.jpg 150w\" sizes=\"auto, (max-width: 600px) 100vw, 600px\" \/><\/figure>\n\n\n\n<div style=\"height:var(--wp--preset--spacing--medium)\" aria-hidden=\"true\" class=\"wp-block-spacer\"><\/div>\n\n\n\n<p class=\"is-style-body-font has-purple-color has-text-color has-link-color wp-elements-17916ee2188119ddb224fb6a6b248f1e\">G\u00fc\u00e7 ve g\u00fcven veren okumalar<\/p>\n<\/div>\n\n\n\n<div class=\"wp-block-group is-layout-flow wp-block-group-is-layout-flow\">\n<figure class=\"wp-block-image size-full is-style-rounded\"><img loading=\"lazy\" decoding=\"async\" width=\"600\" height=\"600\" src=\"https:\/\/soundorigins.org\/app\/uploads\/2025\/07\/bowl.jpg\" alt=\"\" class=\"wp-image-224\" style=\"aspect-ratio:1;object-fit:cover\" srcset=\"https:\/\/soundorigins.org\/app\/uploads\/2025\/07\/bowl.jpg 600w, https:\/\/soundorigins.org\/app\/uploads\/2025\/07\/bowl-300x300.jpg 300w, https:\/\/soundorigins.org\/app\/uploads\/2025\/07\/bowl-150x150.jpg 150w\" sizes=\"auto, (max-width: 600px) 100vw, 600px\" \/><\/figure>\n\n\n\n<div style=\"height:var(--wp--preset--spacing--medium)\" aria-hidden=\"true\" class=\"wp-block-spacer\"><\/div>\n\n\n\n<p class=\"is-style-body-font has-purple-color has-text-color has-link-color wp-elements-dae1fab096ec1bf95c667823d65b8e43\">Destekleyici ilahiler<\/p>\n<\/div>\n\n\n\n<div class=\"wp-block-group is-layout-flow wp-block-group-is-layout-flow\">\n<figure class=\"wp-block-image size-full is-style-rounded\"><img loading=\"lazy\" decoding=\"async\" width=\"600\" height=\"600\" src=\"https:\/\/soundorigins.org\/app\/uploads\/2025\/07\/book-open.jpg\" alt=\"\" class=\"wp-image-225\" style=\"aspect-ratio:1;object-fit:cover\" srcset=\"https:\/\/soundorigins.org\/app\/uploads\/2025\/07\/book-open.jpg 600w, https:\/\/soundorigins.org\/app\/uploads\/2025\/07\/book-open-300x300.jpg 300w, https:\/\/soundorigins.org\/app\/uploads\/2025\/07\/book-open-150x150.jpg 150w\" sizes=\"auto, (max-width: 600px) 100vw, 600px\" \/><\/figure>\n\n\n\n<div style=\"height:var(--wp--preset--spacing--medium)\" aria-hidden=\"true\" class=\"wp-block-spacer\"><\/div>\n\n\n\n<p class=\"is-style-body-font has-purple-color has-text-color has-link-color wp-elements-ad54e57e6f21b6463ab9f437fa5e25bd\">\u015eiirler veya kitap okuma<\/p>\n<\/div>\n<\/div>\n\n<\/div>\n<\/div>            <\/section>\n\n\n<section class=\"wp-block-section has-background has-cream-2-background-color\" style=\"\">\n                    <div class=\"w-full h-full\">\n                <div class=\"acf-innerblocks-container\">\n\n<div class=\"wp-block-columns is-layout-flex wp-container-core-columns-is-layout-28f84493 wp-block-columns-is-layout-flex\">\n<div class=\"wp-block-column is-layout-constrained wp-container-core-column-is-layout-92ef7b19 wp-block-column-is-layout-constrained\">\n<h2 class=\"wp-block-heading has-purple-color has-text-color has-link-color wp-elements-74481a45fcaf384bf79403a3d13a9476\">Hediyeleriniz bebek i\u00e7in umutlar\u0131n\u0131z\u0131 ve hayallerinizi payla\u015fan s\u00f6zler i\u00e7erebilir veya enstr\u00fcmanlar, do\u011fa sesleri veya m\u0131r\u0131ldanma gibi s\u00f6zs\u00fcz sesler olabilir.<\/h2>\n\n\n\n<p>Yenido\u011fan \u00fcnitesinde ebeveynleri ve bebekleri destekleme konusunda uzmanla\u015fm\u0131\u015f bir m\u00fczik terapisti, bunu \u00fcnitedeki bebek i\u00e7in yararl\u0131 olacak \u015fekilde olu\u015fturman\u0131zda size destek olacakt\u0131r. Daha sonra bu kayd\u0131 bebe\u011fi ailesi ve daha geni\u015f d\u00fcnyas\u0131yla ba\u011flaman\u0131n \u00f6zel bir yolu olarak g\u00f6nderebilirsiniz. <\/p>\n\n\n\n<p>M\u00fcmk\u00fcnse bebe\u011finizin \u00fcnitedeki ilk on g\u00fcn\u00fc i\u00e7inde hediyenizi olu\u015fturmaya ve payla\u015fmaya \u00e7al\u0131\u015f\u0131n\u0131z. M\u00fczik terapisti ile ge\u00e7irece\u011finiz zaman\u0131n bunu m\u00fcmk\u00fcn k\u0131lmak i\u00e7in yararl\u0131 olaca\u011f\u0131n\u0131 umuyoruz.<\/p>\n<\/div>\n<\/div>\n\n<\/div>\n            <\/div>\n            <\/section>\n\n\n<section class=\"wp-block-section has-background has-cream-3-background-color\" style=\"\">\n                    <div class=\"w-full h-full\">\n                <div class=\"acf-innerblocks-container\">\n\n<div class=\"wp-block-columns is-style-vertical-center is-layout-flex wp-container-core-columns-is-layout-a5331a9e wp-block-columns-is-layout-flex\" style=\"padding-top:0;padding-right:0;padding-bottom:0;padding-left:0\">\n<div class=\"wp-block-column is-layout-constrained wp-container-core-column-is-layout-782236d7 wp-block-column-is-layout-constrained\">\n<h2 class=\"wp-block-heading is-style-title-font has-purple-color has-text-color has-link-color wp-elements-34951734d811ab4cf61359642e72a583\">Hediye \u00f6nerileriniz varsa l\u00fctfen bize bildiriniz.<br>Fikirleriniz di\u011fer ailelere de ilham verebilir ve onlar\u0131 rahatlatabilir.<\/h2>\n\n\n\n<div class=\"wp-block-buttons is-layout-flex wp-block-buttons-is-layout-flex\">\n<div class=\"wp-block-button\"><a class=\"wp-block-button__link has-cream-3-color has-red-background-color has-text-color has-background has-link-color wp-element-button\" href=\"https:\/\/soundorigins.org\/connect\/\">Bizimle payla\u015f\u0131n\u0131z<\/a><\/div>\n<\/div>\n<\/div>\n<\/div>\n\n<\/div>\n            <\/div>\n            <\/section>\n","protected":false},"excerpt":{"rendered":"","protected":false},"author":1,"featured_media":0,"parent":0,"menu_order":0,"comment_status":"closed","ping_status":"closed","template":"","meta":{"_acf_changed":false,"navigation_active_colour":"","footnotes":""},"class_list":["post-857","page","type-page","status-publish","hentry"],"acf":[],"_links":{"self":[{"href":"https:\/\/soundorigins.org\/tr\/wp-json\/wp\/v2\/pages\/857","targetHints":{"allow":["GET"]}}],"collection":[{"href":"https:\/\/soundorigins.org\/tr\/wp-json\/wp\/v2\/pages"}],"about":[{"href":"https:\/\/soundorigins.org\/tr\/wp-json\/wp\/v2\/types\/page"}],"author":[{"embeddable":true,"href":"https:\/\/soundorigins.org\/tr\/wp-json\/wp\/v2\/users\/1"}],"replies":[{"embeddable":true,"href":"https:\/\/soundorigins.org\/tr\/wp-json\/wp\/v2\/comments?post=857"}],"version-history":[{"count":5,"href":"https:\/\/soundorigins.org\/tr\/wp-json\/wp\/v2\/pages\/857\/revisions"}],"predecessor-version":[{"id":1190,"href":"https:\/\/soundorigins.org\/tr\/wp-json\/wp\/v2\/pages\/857\/revisions\/1190"}],"wp:attachment":[{"href":"https:\/\/soundorigins.org\/tr\/wp-json\/wp\/v2\/media?parent=857"}],"curies":[{"name":"wp","href":"https:\/\/api.w.org\/{rel}","templated":true}]}}