{"id":1090,"date":"2025-07-21T09:49:18","date_gmt":"2025-07-21T08:49:18","guid":{"rendered":"https:\/\/soundorigins.kindred.agency\/sss\/"},"modified":"2025-09-25T16:25:25","modified_gmt":"2025-09-25T15:25:25","slug":"sss","status":"publish","type":"page","link":"https:\/\/soundorigins.org\/tr\/sss\/","title":{"rendered":"SSS"},"content":{"rendered":"<div class=\"wp-elements-c22c5c7375fb7d8b565735dc8cb67ad8\">\n                    <div class=\"relative bg-cover bg-center bg-no-repeat w-full py-8 md:flex md:items-center md:py-0 md:min-h-[248px]\"\n             style=\"background-image: url('https:\/\/soundorigins.org\/app\/uploads\/2025\/08\/generic-scaled.jpg')\" >\n            <div class=\"container\">\n  <div style=\"max-width: 800px\">\n                    <h1 class=\"font-title font-medium leading-[42px] md:leading-[59px]! text-[34px] md:text-[49px]! align wp-elements-c22c5c7375fb7d8b565735dc8cb67ad8 wp-block-title has-text-color has-cream-color\">\n                                                    S\u0131k\u00e7a sorulan sorular\n                                            <\/h1>\n                <\/div>\n<\/div>        <\/div>\n    <\/div>\n<section class=\"py-(--wp--custom--spacing--section-padding-mobile-top) md:py-(--wp--custom--spacing--section-padding-desktop) wp-block-section has-background has-cream-2-background-color\" style=\"\">\n                    <div class=\"w-full h-full\">\n                <div class=\"acf-innerblocks-container\">\n<div class=\"wp-block-faq\">\n\n<div x-data=\"faqAccordion()\" class=\"faq-block w-full\">\n  <div class=\"container\">\n  <div class=\"faq-items\">\n                  <div class=\"faq-item border-b border-mid-grey last:border-b-0 md:min-h-[148px] transition-all duration-300 pb-[15px] md:pb-[54px]\">\n            \n            <button\n              @click=\"toggleItem(0)\"\n              class=\"w-full text-start group pt-[15px] md:pt-[54px]\"\n              :aria-expanded=\"isExpanded(0)\"\n              aria-controls=\"faq-content-faq-69f4fc0d550f5-0\"\n            >\n              <div class=\"max-w-[700px] mx-auto flex items-center justify-between\">\n                <div class=\"flex-1 pe-4 font-body text-body font-bold\">\n                  M\u00fczik terapisi nedir?\n                <\/div>\n\n                \n                <div class=\"flex-shrink-0 ms-4\">\n                  <svg \n                    width=\"55\" \n                    height=\"31\" \n                    viewBox=\"0 0 55 31\" \n                    fill=\"none\" \n                    xmlns=\"http:\/\/www.w3.org\/2000\/svg\"\n                    class=\"w-8 h-8 transition-transform duration-300\"\n                    :class=\"{ 'rotate-180': isExpanded(0) }\"\n                  >\n                    <path \n                      opacity=\"0.5\" \n                      d=\"M0.85582 2.62232C0.85582 2.02232 1.08582 1.43232 1.55582 0.982323C2.45582 0.112323 3.89582 0.142323 4.76582 1.04232L27.9258 25.0923L51.0958 1.05232C51.9658 0.142323 53.4058 0.112323 54.3058 0.992323C55.2058 1.86232 55.2358 3.30232 54.3658 4.20232L29.5658 29.9523C29.1358 30.3923 28.5458 30.6523 27.9258 30.6523C27.3058 30.6523 26.7158 30.4023 26.2858 29.9523L1.48582 4.20232C1.06582 3.76232 0.845821 3.19232 0.845821 2.62232H0.85582Z\" \n                      fill=\"#1f2a2e\"\n                    \/>\n                  <\/svg>\n                <\/div>\n              <\/div>\n            <\/button>\n\n            \n            <div \n              x-show=\"isExpanded(0)\" \n              x-collapse\n              id=\"faq-content-faq-69f4fc0d550f5-0\"\n              class=\"faq-content\"\n            >\n              <div class=\"max-w-[700px] mx-auto pt-[15px] md:pt-[30px]\">\n                <div class=\"font-body text-title font-medium\">\n                  <p>M\u00fczik terapisi, psikolojik, duygusal, bili\u015fsel, fiziksel, ileti\u015fimsel ve sosyal ihtiya\u00e7lar\u0131 desteklemek i\u00e7in \u00f6zel e\u011fitimli ve nitelikli profesyoneller taraf\u0131ndan sa\u011flanan klinik bir psikolojik m\u00fcdahaledir. Bu deste\u011fi sa\u011flamak i\u00e7in seslerin ve \u015fark\u0131lar\u0131n niteliklerinden yararlan\u0131r. Birle\u015fik Krall\u0131k&#8217;taki m\u00fczik terapisi hakk\u0131nda daha fazla bilgi edinmek i\u00e7in <a href=\"http:\/\/www.bamt.org\/\" target=\"_blank\" rel=\"noopener\">www.bamt.org<\/a> adresini ziyaret edebilirsiniz.  <\/p>\n\n                <\/div>\n              <\/div>\n            <\/div>\n          <\/div>\n                  <div class=\"faq-item border-b border-mid-grey last:border-b-0 md:min-h-[148px] transition-all duration-300 pb-[15px] md:pb-[54px]\">\n            \n            <button\n              @click=\"toggleItem(1)\"\n              class=\"w-full text-start group pt-[15px] md:pt-[54px]\"\n              :aria-expanded=\"isExpanded(1)\"\n              aria-controls=\"faq-content-faq-69f4fc0d550f5-1\"\n            >\n              <div class=\"max-w-[700px] mx-auto flex items-center justify-between\">\n                <div class=\"flex-1 pe-4 font-body text-body font-bold\">\n                  Yenido\u011fan \u00fcnitesi nedir?\n                <\/div>\n\n                \n                <div class=\"flex-shrink-0 ms-4\">\n                  <svg \n                    width=\"55\" \n                    height=\"31\" \n                    viewBox=\"0 0 55 31\" \n                    fill=\"none\" \n                    xmlns=\"http:\/\/www.w3.org\/2000\/svg\"\n                    class=\"w-8 h-8 transition-transform duration-300\"\n                    :class=\"{ 'rotate-180': isExpanded(1) }\"\n                  >\n                    <path \n                      opacity=\"0.5\" \n                      d=\"M0.85582 2.62232C0.85582 2.02232 1.08582 1.43232 1.55582 0.982323C2.45582 0.112323 3.89582 0.142323 4.76582 1.04232L27.9258 25.0923L51.0958 1.05232C51.9658 0.142323 53.4058 0.112323 54.3058 0.992323C55.2058 1.86232 55.2358 3.30232 54.3658 4.20232L29.5658 29.9523C29.1358 30.3923 28.5458 30.6523 27.9258 30.6523C27.3058 30.6523 26.7158 30.4023 26.2858 29.9523L1.48582 4.20232C1.06582 3.76232 0.845821 3.19232 0.845821 2.62232H0.85582Z\" \n                      fill=\"#1f2a2e\"\n                    \/>\n                  <\/svg>\n                <\/div>\n              <\/div>\n            <\/button>\n\n            \n            <div \n              x-show=\"isExpanded(1)\" \n              x-collapse\n              id=\"faq-content-faq-69f4fc0d550f5-1\"\n              class=\"faq-content\"\n            >\n              <div class=\"max-w-[700px] mx-auto pt-[15px] md:pt-[30px]\">\n                <div class=\"font-body text-title font-medium\">\n                  <p>Yenido\u011fan \u00fcnitesi, hasta veya premat\u00fcre bebeklerin bak\u0131m\u0131 i\u00e7in hastanede bulunan \u00f6zel bir \u00fcnitedir. Bir bebe\u011fin kabul edilmesinin ba\u015fl\u0131ca nedenleri \u015funlar\u0131 i\u00e7erir: premat\u00fcrelik, d\u00fc\u015f\u00fck do\u011fum a\u011f\u0131rl\u0131\u011f\u0131, \u00f6zel tedavi gerektiren t\u0131bbi bir durum veya zor bir do\u011fum ge\u00e7irmi\u015f olmas\u0131. Birle\u015fik Krall\u0131k&#8217;ta bebekler, en iyi bak\u0131m\u0131 almalar\u0131n\u0131 sa\u011flamak ve m\u00fcmk\u00fcn oldu\u011funca eve yak\u0131n tutulmak i\u00e7in \u00fcniteler aras\u0131nda ta\u015f\u0131nabilir. Daha fazla bilgi i\u00e7in www.bliss.org.uk adresini ziyaret edebilirsiniz.   <\/p>\n\n                <\/div>\n              <\/div>\n            <\/div>\n          <\/div>\n                  <div class=\"faq-item border-b border-mid-grey last:border-b-0 md:min-h-[148px] transition-all duration-300 pb-[15px] md:pb-[54px]\">\n            \n            <button\n              @click=\"toggleItem(2)\"\n              class=\"w-full text-start group pt-[15px] md:pt-[54px]\"\n              :aria-expanded=\"isExpanded(2)\"\n              aria-controls=\"faq-content-faq-69f4fc0d550f5-2\"\n            >\n              <div class=\"max-w-[700px] mx-auto flex items-center justify-between\">\n                <div class=\"flex-1 pe-4 font-body text-body font-bold\">\n                  Nas\u0131l bir m\u00fczik terapisti bulabilirim?\n                <\/div>\n\n                \n                <div class=\"flex-shrink-0 ms-4\">\n                  <svg \n                    width=\"55\" \n                    height=\"31\" \n                    viewBox=\"0 0 55 31\" \n                    fill=\"none\" \n                    xmlns=\"http:\/\/www.w3.org\/2000\/svg\"\n                    class=\"w-8 h-8 transition-transform duration-300\"\n                    :class=\"{ 'rotate-180': isExpanded(2) }\"\n                  >\n                    <path \n                      opacity=\"0.5\" \n                      d=\"M0.85582 2.62232C0.85582 2.02232 1.08582 1.43232 1.55582 0.982323C2.45582 0.112323 3.89582 0.142323 4.76582 1.04232L27.9258 25.0923L51.0958 1.05232C51.9658 0.142323 53.4058 0.112323 54.3058 0.992323C55.2058 1.86232 55.2358 3.30232 54.3658 4.20232L29.5658 29.9523C29.1358 30.3923 28.5458 30.6523 27.9258 30.6523C27.3058 30.6523 26.7158 30.4023 26.2858 29.9523L1.48582 4.20232C1.06582 3.76232 0.845821 3.19232 0.845821 2.62232H0.85582Z\" \n                      fill=\"#1f2a2e\"\n                    \/>\n                  <\/svg>\n                <\/div>\n              <\/div>\n            <\/button>\n\n            \n            <div \n              x-show=\"isExpanded(2)\" \n              x-collapse\n              id=\"faq-content-faq-69f4fc0d550f5-2\"\n              class=\"faq-content\"\n            >\n              <div class=\"max-w-[700px] mx-auto pt-[15px] md:pt-[30px]\">\n                <div class=\"font-body text-title font-medium\">\n                  <p>Bir yenido\u011fan \u00fcnitesinde m\u00fczik terapisi kurmak isterseniz, bunu yapman\u0131n yollar\u0131 konusunda size tavsiyede bulunmaktan memnuniyet duyar\u0131z. L\u00fctfen daha fazla bilgi i\u00e7in bizimle ileti\u015fime ge\u00e7iniz. E\u011fer bir m\u00fczik terapisti arayan bir aile iseniz, sizin i\u00e7in bu ilan\u0131 yay\u0131nlamaya yard\u0131mc\u0131 olacak olan Britanya M\u00fczik Terapisi Derne\u011fi (www.bamt.org.uk) ile ileti\u015fime ge\u00e7ebilirsiniz.  <\/p>\n\n                <\/div>\n              <\/div>\n            <\/div>\n          <\/div>\n              <\/div>\n<\/div><\/div>\n\n  <\/div>\n\n<\/div>\n            <\/div>\n            <\/section>\n","protected":false},"excerpt":{"rendered":"","protected":false},"author":1,"featured_media":0,"parent":0,"menu_order":0,"comment_status":"closed","ping_status":"closed","template":"","meta":{"_acf_changed":false,"navigation_active_colour":"","footnotes":""},"class_list":["post-1090","page","type-page","status-publish","hentry"],"acf":[],"_links":{"self":[{"href":"https:\/\/soundorigins.org\/tr\/wp-json\/wp\/v2\/pages\/1090","targetHints":{"allow":["GET"]}}],"collection":[{"href":"https:\/\/soundorigins.org\/tr\/wp-json\/wp\/v2\/pages"}],"about":[{"href":"https:\/\/soundorigins.org\/tr\/wp-json\/wp\/v2\/types\/page"}],"author":[{"embeddable":true,"href":"https:\/\/soundorigins.org\/tr\/wp-json\/wp\/v2\/users\/1"}],"replies":[{"embeddable":true,"href":"https:\/\/soundorigins.org\/tr\/wp-json\/wp\/v2\/comments?post=1090"}],"version-history":[{"count":1,"href":"https:\/\/soundorigins.org\/tr\/wp-json\/wp\/v2\/pages\/1090\/revisions"}],"predecessor-version":[{"id":1092,"href":"https:\/\/soundorigins.org\/tr\/wp-json\/wp\/v2\/pages\/1090\/revisions\/1092"}],"wp:attachment":[{"href":"https:\/\/soundorigins.org\/tr\/wp-json\/wp\/v2\/media?parent=1090"}],"curies":[{"name":"wp","href":"https:\/\/api.w.org\/{rel}","templated":true}]}}