{"id":1019,"date":"2025-07-18T09:44:18","date_gmt":"2025-07-18T08:44:18","guid":{"rendered":"https:\/\/soundorigins.kindred.agency\/ana-sayfa\/"},"modified":"2025-10-16T11:13:52","modified_gmt":"2025-10-16T10:13:52","slug":"ana-sayfa","status":"publish","type":"page","link":"https:\/\/soundorigins.org\/tr\/","title":{"rendered":"Ana Sayfa"},"content":{"rendered":"<div class=\"wp-block-home-hero\">\n            <div class=\"bg-purple min-h-0 flex flex-col\">\n        <main class=\"flex-1 relative bg-cover bg-no-repeat w-full flex flex-col\"\n            style=\"background-image: url('https:\/\/soundorigins.org\/app\/uploads\/2025\/07\/background-scaled.jpg')\">\n            <div class=\"flex relative items-start pt-8 md:flex-1 md:items-center md:pt-0 md:pb-0 justify-start md:justify-center\">\n\n                \n                <div class=\"block md:hidden absolute inset-0 w-full h-full overflow-hidden\" dir=\"ltr\">\n                    <svg width=\"360\" height=\"637\" viewBox=\"0 0 360 637\" fill=\"none\" xmlns=\"http:\/\/www.w3.org\/2000\/svg\" preserveAspectRatio=\"xMidYMid slice\" class=\"absolute inset-0 w-full h-full\">\n                        <g clip-path=\"url(#clip0_183_458)\">\n                            <path d=\"M516.545 376.627C534.457 169.054 319.264 -19.0564 35.9036 -43.5075C-247.456 -67.9587 -450.669 87.7453 -509.585 288.082C-612.696 638.645 -318.696 672.649 -25.2438 665.343C259.227 658.257 498.651 584.221 516.564 376.629\" fill=\"#A5546C\" fill-opacity=\"0.7\"\/>\n                        <\/g>\n                        <defs>\n                            <clipPath id=\"clip0_183_458\">\n                                <rect width=\"360\" height=\"636\" fill=\"white\" transform=\"translate(0 0.432007)\"\/>\n                            <\/clipPath>\n                        <\/defs>\n                    <\/svg>\n                <\/div>\n\n                <div class=\"container relative z-10 flex items-center justify-start w-full px-8 pb-12 md:px-0 md:pb-0 md:h-[700px]\" dir=\"ltr\">\n  <div\n                        class=\"desktop-blob hidden md:block absolute inset-0 w-auto h-full ml-[-160px] pointer-events-none z-0\" dir=\"ltr\">\n                        <svg width=\"1124\" height=\"800\" viewBox=\"0 0 1124 800\" fill=\"none\"\n                            xmlns=\"http:\/\/www.w3.org\/2000\/svg\" class=\"h-full w-auto object-contain object-center-left\">\n                            <g opacity=\"0.7\">\n                                <mask id=\"mask0_82_77\" style=\"mask-type:alpha\" maskUnits=\"userSpaceOnUse\" x=\"0\" y=\"107\"\n                                    width=\"1124\" height=\"693\">\n                                    <rect y=\"107\" width=\"1124\" height=\"693\" fill=\"#D9D9D9\" \/>\n                                <\/mask>\n                                <g mask=\"url(#mask0_82_77)\">\n                                    <path\n                                        d=\"M1079.81 481.337C1069.79 264.665 821.882 100.09 526.101 113.77C230.321 127.45 41.9916 316.041 8.70264 530.876C-49.5644 906.812 258.509 901.529 560.343 853.689C852.94 807.311 1089.85 698.028 1079.83 481.336\"\n                                        fill=\"#A5546C\" \/>\n                                <\/g>\n                            <\/g>\n                        <\/svg>\n                    <\/div>\n                    <div class=\"text-start rtl:text-end text-cream max-w-[660px] md:mt-30 w-full flex flex-col gap-1.5 md:gap-[19px] relative z-10\">\n                                                    <h1 class=\"font-title text-cream font-medium leading-[42px] md:leading-[59px]! text-[34px] md:text-[49px]!\">\n                                Sesiniz ve \u015fark\u0131lar\u0131n\u0131z arac\u0131l\u0131\u011f\u0131yla bebe\u011finizle ba\u011f kurun\n                            <\/h1>\n                        \n                                                    <p class=\"font-title text-cream leading-[29px] md:leading-[125%]! text-[14px] md:text-[24px]!\">\n                                Sound Origins, bebe\u011fi ciddi \u015fekilde hasta olan ve yenido\u011fan yo\u011fun bak\u0131m \u00fcnitesinin deste\u011fine ihtiya\u00e7 duyan ebeveynlere, ailelere ve sa\u011fl\u0131k profesyonellerine, ses ve \u015fark\u0131 yoluyla umut ve zorluklarla ba\u015fa \u00e7\u0131kmalar\u0131na yard\u0131mc\u0131 olmak i\u00e7in olu\u015fturulmu\u015f bir platformdur.\n                            <\/p>\n                        \n                                                    <div class=\"self-start\">\n                                <div class=\"wp-block-buttons is-layout-flex wp-block-buttons-is-layout-flex\">\n                                    <div class=\"wp-block-button\">\n                                        <a class=\"wp-block-button__link has-cream-background-color has-purple-color has-text-color has-background wp-element-button hover:opacity-80\" \n                                           href=\"https:\/\/soundorigins.org\/about\/\"\n                                           >\n                                            Daha fazla bilgi edinin\n                                        <\/a>\n                                    <\/div>\n                                <\/div>\n                            <\/div>\n                                            <\/div>\n<\/div>            <\/div>\n        <\/main>\n    <\/div>\n        <\/div>\n\n\n\n<div class=\"wp-block-columns has-cream-background-color has-background is-layout-flex wp-container-core-columns-is-layout-ec2e7a44 wp-block-columns-is-layout-flex\" style=\"padding-top:0;padding-bottom:0\">\n<div class=\"wp-block-column is-layout-constrained wp-container-core-column-is-layout-fb77a2b8 wp-block-column-is-layout-constrained\">\n<figure class=\"wp-block-video\"><video controls poster=\"https:\/\/soundorigins.org\/app\/uploads\/2025\/10\/SO_Video_Parents-thumb.jpg\" src=\"https:\/\/dmt-ipad.s3.eu-west-2.amazonaws.com\/Sound+Origins+Parents.mp4\"><\/video><\/figure>\n\n\n\n<p class=\"has-purple-color has-text-color has-link-color wp-elements-02cdc7a51ade02de330b1f93049e0c3e\">Sundu\u011fumuz her konu, ebeveynlerin, sa\u011fl\u0131k profesyonellerinin ve m\u00fczik terapistlerinin ses kullanma yetene\u011fini, kendileriyle, bebekleriyle ve destek a\u011flar\u0131yla ba\u011flant\u0131 kurmak i\u00e7in kullanmalar\u0131na yard\u0131mc\u0131 olmay\u0131 ama\u00e7lamaktad\u0131r.<\/p>\n<\/div>\n<\/div>\n\n\n<section class=\"home-image-row wp-block-section has-background has-rose-background-color\" style=\"\">\n                    <div class=\"w-full h-full\">\n                <div class=\"acf-innerblocks-container\">\n\n<div class=\"wp-block-columns sage-break-out-left is-layout-flex wp-container-core-columns-is-layout-28f84493 wp-block-columns-is-layout-flex\" style=\"display:flex;overflow:visible\">\n<div class=\"wp-block-column sage-mobile-second is-layout-flow wp-block-column-is-layout-flow\" style=\"padding-top:var(--wp--preset--spacing--section-desktop);padding-bottom:0\">\n<figure class=\"wp-block-image size-full float-left\"><img loading=\"lazy\" decoding=\"async\" width=\"696\" height=\"519\" src=\"https:\/\/soundorigins.org\/app\/uploads\/2025\/07\/overflow-people.png\" alt=\"\" class=\"wp-image-154\" srcset=\"https:\/\/soundorigins.org\/app\/uploads\/2025\/07\/overflow-people.png 696w, https:\/\/soundorigins.org\/app\/uploads\/2025\/07\/overflow-people-300x224.png 300w\" sizes=\"auto, (max-width: 696px) 100vw, 696px\" \/><\/figure>\n<\/div>\n\n\n\n<div class=\"wp-block-column is-style-vertical-top mobile-section-desktop-spacing-bottom desktop-vertical-center is-layout-flow wp-block-column-is-layout-flow\" style=\"padding-top:0;padding-bottom:0\">\n<h2 class=\"wp-block-heading has-5-xl-font-size\">Arkada\u015flar\u0131n\u0131zdan ve ailenizden sizinle ses ve \u015fark\u0131 payla\u015fmalar\u0131n\u0131 isteyin, b\u00f6ylece bebe\u011finizle, partnerinizle veya yaln\u0131z ba\u015f\u0131n\u0131za dinleyebilirsiniz<\/h2>\n\n\n\n<div style=\"height:var(--wp--preset--spacing--medium)\" aria-hidden=\"true\" class=\"wp-block-spacer\"><\/div>\n\n\n\n<div class=\"wp-block-buttons is-layout-flex wp-block-buttons-is-layout-flex\">\n<div class=\"wp-block-button is-style-link\"><a class=\"wp-block-button__link has-purple-color has-text-color has-link-color wp-element-button\" href=\"https:\/\/soundorigins.org\/tr\/muzikal-hediyeler\/\">M\u00fczikal hediyeler<\/a><\/div>\n<\/div>\n<\/div>\n<\/div>\n\n<\/div>\n            <\/div>\n            <\/section>\n\n\n<section class=\"home-image-row wp-block-section has-background has-grey-background-color\" style=\"\">\n                    <div class=\"w-full h-full\">\n                <div class=\"acf-innerblocks-container\">\n\n<div class=\"wp-block-columns sage-break-out-right is-layout-flex wp-container-core-columns-is-layout-28f84493 wp-block-columns-is-layout-flex\" style=\"display:flex;overflow:visible\">\n<div class=\"wp-block-column is-style-vertical-top mobile-section-desktop-spacing-bottom desktop-vertical-center is-layout-flow wp-block-column-is-layout-flow\" style=\"padding-top:0;padding-bottom:0\">\n<h2 class=\"wp-block-heading has-5-xl-font-size\">G\u00fcnl\u00fc\u011f\u00fcm\u00fcz, ses ve \u015fark\u0131 kullan\u0131m\u0131 i\u00e7in fikirler ve ki\u015fisel d\u00fc\u015f\u00fcnme alanlar\u0131 i\u00e7erir<\/h2>\n\n\n\n<div style=\"height:var(--wp--preset--spacing--medium)\" aria-hidden=\"true\" class=\"wp-block-spacer\"><\/div>\n\n\n\n<div class=\"wp-block-buttons is-layout-flex wp-block-buttons-is-layout-flex\">\n<div class=\"wp-block-button is-style-link\"><a class=\"wp-block-button__link has-purple-color has-text-color has-link-color wp-element-button\" href=\"https:\/\/soundorigins.org\/journal\/\">G\u00fcnl\u00fck<\/a><\/div>\n<\/div>\n\n\n\n<div style=\"height:0\" aria-hidden=\"true\" class=\"wp-block-spacer\"><\/div>\n<\/div>\n\n\n\n<div class=\"wp-block-column is-layout-flow wp-block-column-is-layout-flow\" style=\"padding-top:var(--wp--preset--spacing--section-desktop);padding-bottom:0\">\n<figure class=\"wp-block-image size-full float-right\"><img loading=\"lazy\" decoding=\"async\" width=\"709\" height=\"488\" src=\"https:\/\/soundorigins.org\/app\/uploads\/2025\/07\/book-bleed-no-padding.png\" alt=\"\" class=\"wp-image-174\" srcset=\"https:\/\/soundorigins.org\/app\/uploads\/2025\/07\/book-bleed-no-padding.png 709w, https:\/\/soundorigins.org\/app\/uploads\/2025\/07\/book-bleed-no-padding-300x206.png 300w\" sizes=\"auto, (max-width: 709px) 100vw, 709px\" \/><\/figure>\n<\/div>\n<\/div>\n\n<\/div>\n            <\/div>\n            <\/section>\n\n\n<section class=\"wp-block-section has-background has-peach-background-color\" style=\"\">\n                    <div class=\"w-full h-full\">\n                <div class=\"acf-innerblocks-container\">\n\n<div class=\"wp-block-columns is-layout-flex wp-container-core-columns-is-layout-28f84493 wp-block-columns-is-layout-flex\">\n<div class=\"wp-block-column is-style-vertical-bottom sage-column-align-bottom sage-mobile-second is-layout-flow wp-block-column-is-layout-flow\" style=\"padding-top:0;padding-bottom:0\">\n<div style=\"height:100px\" aria-hidden=\"true\" class=\"wp-block-spacer hide-on-mobile\"><\/div>\n\n\n\n<figure class=\"wp-block-image size-full is-resized mobile-center-image desktop-phone-img\"><img decoding=\"async\" src=\"https:\/\/soundorigins.org\/app\/uploads\/2025\/10\/phone-multi-languages-home.png\" alt=\"\" class=\"wp-image-1216\" style=\"width:482px\"\/><\/figure>\n<\/div>\n\n\n\n<div class=\"wp-block-column is-style-vertical-top desktop-vertical-center is-layout-flow wp-block-column-is-layout-flow\">\n<h2 class=\"wp-block-heading has-5-xl-font-size\">\u00c7alma listeleri, ebeveynlerin ve personelin farkl\u0131 duygusal durumlarla ba\u015fa \u00e7\u0131kmam\u0131za yard\u0131mc\u0131 olan \u015fark\u0131lar\u0131 payla\u015fmas\u0131na olanak tan\u0131r.<\/h2>\n\n\n\n<div style=\"height:var(--wp--preset--spacing--medium)\" aria-hidden=\"true\" class=\"wp-block-spacer\"><\/div>\n\n\n\n<div class=\"wp-block-buttons is-layout-flex wp-block-buttons-is-layout-flex\">\n<div class=\"wp-block-button is-style-link\"><a class=\"wp-block-button__link has-purple-color has-text-color has-link-color wp-element-button\" href=\"https:\/\/soundorigins.org\/tr\/calma-listeleri\/\">\u00c7alma Listeleri<\/a><\/div>\n<\/div>\n<\/div>\n<\/div>\n\n<\/div>\n            <\/div>\n            <\/section>\n\n\n<section class=\"wp-block-section has-background has-cream-background-color\" style=\"\">\n                    <div class=\"w-full h-full\">\n                <div class=\"acf-innerblocks-container\">\n\n<div class=\"wp-block-columns is-style-vertical-center is-layout-flex wp-container-core-columns-is-layout-a5331a9e wp-block-columns-is-layout-flex\" style=\"padding-top:0;padding-right:0;padding-bottom:0;padding-left:0\">\n<div class=\"wp-block-column is-layout-constrained wp-container-core-column-is-layout-782236d7 wp-block-column-is-layout-constrained\">\n<h2 class=\"wp-block-heading is-style-title-font has-purple-color has-text-color has-link-color wp-elements-710a7cb8f6055e2d997e76bbd7f918e9\">Sound Origins, yenido\u011fan \u00fcnitesinde ciddi \u015fekilde hasta bir bebe\u011fe bak\u0131m verme konusunda ya\u015fanm\u0131\u015f deneyime sahip ebeveynler ve sa\u011fl\u0131k profesyonelleri ile i\u015fbirli\u011fi i\u00e7inde geli\u015ftirilmi\u015ftir.<\/h2>\n\n\n\n<div class=\"wp-block-buttons is-layout-flex wp-block-buttons-is-layout-flex\">\n<div class=\"wp-block-button\"><a class=\"wp-block-button__link has-accent-purple-background-color has-background wp-element-button\" href=\"https:\/\/soundorigins.org\/tr\/baglan\/\">Bizimle ileti\u015fime ge\u00e7in<\/a><\/div>\n<\/div>\n<\/div>\n<\/div>\n\n<\/div>\n            <\/div>\n            <\/section>\n","protected":false},"excerpt":{"rendered":"<p>Sundu\u011fumuz her konu, ebeveynlerin, sa\u011fl\u0131k profesyonellerinin ve m\u00fczik terapistlerinin ses kullanma yetene\u011fini, kendileriyle, bebekleriyle ve destek a\u011flar\u0131yla ba\u011flant\u0131 kurmak i\u00e7in kullanmalar\u0131na yard\u0131mc\u0131 olmay\u0131 ama\u00e7lamaktad\u0131r.<\/p>\n","protected":false},"author":1,"featured_media":0,"parent":0,"menu_order":0,"comment_status":"closed","ping_status":"open","template":"","meta":{"_acf_changed":false,"navigation_active_colour":"","footnotes":""},"class_list":["post-1019","page","type-page","status-publish","hentry"],"acf":[],"_links":{"self":[{"href":"https:\/\/soundorigins.org\/tr\/wp-json\/wp\/v2\/pages\/1019","targetHints":{"allow":["GET"]}}],"collection":[{"href":"https:\/\/soundorigins.org\/tr\/wp-json\/wp\/v2\/pages"}],"about":[{"href":"https:\/\/soundorigins.org\/tr\/wp-json\/wp\/v2\/types\/page"}],"author":[{"embeddable":true,"href":"https:\/\/soundorigins.org\/tr\/wp-json\/wp\/v2\/users\/1"}],"replies":[{"embeddable":true,"href":"https:\/\/soundorigins.org\/tr\/wp-json\/wp\/v2\/comments?post=1019"}],"version-history":[{"count":3,"href":"https:\/\/soundorigins.org\/tr\/wp-json\/wp\/v2\/pages\/1019\/revisions"}],"predecessor-version":[{"id":1251,"href":"https:\/\/soundorigins.org\/tr\/wp-json\/wp\/v2\/pages\/1019\/revisions\/1251"}],"wp:attachment":[{"href":"https:\/\/soundorigins.org\/tr\/wp-json\/wp\/v2\/media?parent=1019"}],"curies":[{"name":"wp","href":"https:\/\/api.w.org\/{rel}","templated":true}]}}