{"id":970,"date":"2025-07-29T08:57:03","date_gmt":"2025-07-29T07:57:03","guid":{"rendered":"https:\/\/soundorigins.kindred.agency\/conecteaza-te\/ghid-pentru-parinti\/"},"modified":"2025-09-25T16:24:27","modified_gmt":"2025-09-25T15:24:27","slug":"ghid-pentru-parinti","status":"publish","type":"page","link":"https:\/\/soundorigins.org\/ro\/conecteaza-te\/ghid-pentru-parinti\/","title":{"rendered":"Ghid pentru p\u0103rin\u021bi"},"content":{"rendered":"<div>\n                    <div class=\"relative bg-cover bg-center bg-no-repeat w-full py-8 md:flex md:items-center md:py-0 md:min-h-[408px]\"\n             style=\"background-image: url('https:\/\/soundorigins.org\/app\/uploads\/2025\/07\/Connect-interwoven-sounds-1_Adjust2-2-scaled.jpg')\" >\n            <div class=\"container\">\n  <div style=\"max-width: 700px\">\n                    <h1 class=\"font-title font-medium leading-[42px] md:leading-[59px]! text-[34px] md:text-[49px]! align wp-block-title\">\n                                                    Sfaturi \u0219i idei pentru a conecta p\u0103rin\u021bii, personalul \u0219i bebelu\u0219ii prin sunet \u0219i c\u00e2ntec\n                                            <\/h1>\n                <\/div>\n<\/div>        <\/div>\n    <\/div>\n<section class=\"wp-block-section has-background has-cream-background-color\" style=\"\">\n                    <div class=\"w-full h-full\">\n                <div class=\"acf-innerblocks-container\">\n<div class=\"container\">\n  <nav class=\"sibling-nav flex flex-row rtl:flex-row-reverse items-center lg:gap-[230px] min-h-[74px] gap-[30px] justify-start rtl:justify-end\" class=\"wp-block-page-navigation\">\n                  <a href=\"https:\/\/soundorigins.org\/ro\/conecteaza-te\/ghid-pentru-parinti\/\" \n           class=\"sibling-nav-link font-title font-bold text-body tracking-[0.08em] uppercase text-purple no-underline relative transition-colors duration-300 ease-in-out current-page\">\n          Ghid pentru p\u0103rin\u021bi\n        <\/a>\n              <a href=\"https:\/\/soundorigins.org\/ro\/conecteaza-te\/ghid-pentru-personal\/\" \n           class=\"sibling-nav-link font-title font-bold text-body tracking-[0.08em] uppercase text-purple no-underline relative transition-colors duration-300 ease-in-out\">\n          Ghid pentru personal\n        <\/a>\n            <\/nav>\n<\/div>\n<\/div>\n            <\/div>\n            <\/section>\n<section class=\"wp-block-section\" style=\"\">\n                    <div class=\"w-full h-full\">\n                <div class=\"acf-innerblocks-container\">\n\n<figure class=\"wp-block-image size-large\"><img loading=\"lazy\" decoding=\"async\" width=\"1024\" height=\"290\" src=\"https:\/\/soundorigins.org\/app\/uploads\/2025\/09\/Connect_Parents2-1024x290.jpg\" alt=\"\" class=\"wp-image-768\" srcset=\"https:\/\/soundorigins.org\/app\/uploads\/2025\/09\/Connect_Parents2-1024x290.jpg 1024w, https:\/\/soundorigins.org\/app\/uploads\/2025\/09\/Connect_Parents2-300x85.jpg 300w, https:\/\/soundorigins.org\/app\/uploads\/2025\/09\/Connect_Parents2-768x218.jpg 768w, https:\/\/soundorigins.org\/app\/uploads\/2025\/09\/Connect_Parents2-1536x435.jpg 1536w, https:\/\/soundorigins.org\/app\/uploads\/2025\/09\/Connect_Parents2-2048x580.jpg 2048w\" sizes=\"auto, (max-width: 1024px) 100vw, 1024px\" \/><\/figure>\n\n<\/div>\n            <\/div>\n            <\/section>\n<section class=\"wp-block-section has-background has-pale-white-background-color\" style=\"\">\n                    <div class=\"w-full h-full\">\n                <div class=\"acf-innerblocks-container\">\n\n<div class=\"wp-block-columns is-layout-flex wp-container-core-columns-is-layout-cd6a0e38 wp-block-columns-is-layout-flex\" style=\"padding-bottom:0\">\n<div class=\"wp-block-column is-layout-constrained wp-container-core-column-is-layout-12ccae17 wp-block-column-is-layout-constrained\" style=\"padding-bottom:0\">\n<p class=\"has-purple-color has-text-color has-link-color wp-elements-8af4e013166cd3ecb55990f84a982b14\"><strong>Conectarea cu bebelu\u0219ul prin sunet \u0219i c\u00e2ntec<\/strong><br\/>C\u00e2nd \u00eei oferi bebelu\u0219ului t\u0103u sunet, \u00eencepi o conversa\u021bie cu el. Las\u0103-i timp s\u0103 \u00ee\u021bi arate cum se simte.<\/p>\n\n\n\n<p class=\"has-purple-color has-text-color has-link-color wp-elements-1cf87d3a3fb7db02d7bb7fd618357ec2\">Folose\u0219te imaginea de mai jos ca ghid, \u00eentreab\u0103 asistenta sau folose\u0219te <a href=\"https:\/\/shop.bliss.org.uk\/en\/products\/parent-resources\/look-at-me-im-talking-to-you\">acest link<\/a> pentru a g\u0103si mai multe idei online.<\/p>\n<\/div>\n<\/div>\n\n<\/div>\n            <\/div>\n            <\/section>\n<section class=\"py-(--wp--custom--spacing--section-padding-mobile-top) md:py-(--wp--custom--spacing--section-padding-desktop) wp-block-section has-background has-pale-white-background-color\" style=\"\">\n                    <div class=\"w-full h-full\">\n                <div class=\"acf-innerblocks-container\">\n<div class=\"alignfull wp-block-breakout-layout w-full\" class=\"alignfull wp-block-breakout-layout\">\n  \n  <div class=\"xl:hidden\">\n    <div class=\"container\">\n  <div class=\"breakout-main-inner mb-8\">\n        <div class=\"acf-innerblocks-container\">\n\n<h2 class=\"wp-block-heading is-style-title-font has-5-xl-font-size\" style=\"padding-bottom:32px\">Pa\u0219i de \u021binut minte<\/h2>\n\n\n\n<p class=\"is-style-body-font has-purple-color has-text-color has-link-color wp-elements-f8e175d44e2d5756b865e2a39b515533\"><strong>1. Preg\u0103te\u0219te-te<\/strong><br\/>Ce s-a \u00eent\u00e2mplat \u00een ultima vreme pentru bebelu\u0219ul t\u0103u? Este acum un moment bun pentru el?<\/p>\n\n\n\n<p class=\"is-style-body-font has-purple-color has-text-color has-link-color wp-elements-b9c41163e199d95dfb4faa4235403c9e\"><strong><strong><strong>2. Abordeaz\u0103 \u0219i a\u0219teapt\u0103<\/strong><\/strong><\/strong><br\/>Prive\u0219te-l pe bebe \u2014 ce \u00ee\u021bi spune? Folose\u0219te-\u021bi m\u00e2inile \u0219i vocea ca s\u0103 \u00eei spui bebelu\u0219ului ce urmeaz\u0103 s\u0103 se \u00eent\u00e2mple; \u00eencearc\u0103 s\u0103 fii l\u00e2ng\u0103 el sau fa\u021b\u0103 \u00een fa\u021b\u0103, dac\u0103 se poate. Inspir\u0103 de 5 ori.<\/p>\n\n\n\n<p class=\"is-style-body-font has-purple-color has-text-color has-link-color wp-elements-74e7f96a5108335df1c380dfccd297b2\"><strong><strong><strong>3. Conecteaz\u0103-te<\/strong><\/strong><\/strong><br\/>Ofer\u0103 sunete. Folose\u0219te-\u021bi privirea, m\u00e2inile \u0219i sunetele ca s\u0103 r\u0103spunzi bebelu\u0219ului t\u0103u.<\/p>\n\n\n\n<p class=\"is-style-body-font has-purple-color has-text-color has-link-color wp-elements-fd8fce74fd6a60efd627b7d77781f891\"><strong><strong><strong>4. Adapteaz\u0103-te<\/strong><\/strong><\/strong><br\/>Potrive\u0219te-\u021bi sunetele dup\u0103 ceea ce \u00ee\u021bi transmite bebelu\u0219ul. Poate vrea s\u0103 \u00eencetine\u0219ti sunetele, s\u0103 faci o pauz\u0103 sau e preg\u0103tit pentru mai mult. Are nevoie de o pozi\u021bie din care s\u0103 te g\u0103seasc\u0103 mai u\u0219or?<\/p>\n\n\n\n<p class=\"is-style-body-font has-purple-color has-text-color has-link-color wp-elements-4a9ef73f597dbfe20e3b09a2799f9a18\"><strong><strong><strong>5. \u00cencheie<\/strong><\/strong><\/strong><br\/>Anun\u021b\u0103-\u021bi bebelu\u0219ul c\u0103 ai terminat, \u021bine-\u021bi m\u00e2inile nemi\u0219cate \u0219i respir\u0103 de cinci ori \u00eenainte s\u0103 te retragi.<\/p>\n\n<\/div>\n      <\/div>\n      \n      \n              <div class=\"breakout-aside\">\n          <div class=\"breakout-aside-inner flex flex-col h-full\">\n            \n                          <div class=\"mobile-aside-content mb-6\" style=\"font-size: 24px; line-height: 130%;\">\n                <p><img loading=\"lazy\" decoding=\"async\" class=\"alignnone size-medium wp-image-282\" src=\"https:\/\/soundorigins.org\/app\/uploads\/2025\/07\/bliss-book-214x300.png\" alt=\"\" width=\"214\" height=\"300\" srcset=\"https:\/\/soundorigins.org\/app\/uploads\/2025\/07\/bliss-book-214x300.png 214w, https:\/\/soundorigins.org\/app\/uploads\/2025\/07\/bliss-book-729x1024.png 729w, https:\/\/soundorigins.org\/app\/uploads\/2025\/07\/bliss-book-768x1078.png 768w, https:\/\/soundorigins.org\/app\/uploads\/2025\/07\/bliss-book.png 800w\" sizes=\"auto, (max-width: 214px) 100vw, 214px\" \/><br \/>\n<a href=\"https:\/\/shop.bliss.org.uk\/en\/products\/parent-resources\/look-at-me-im-talking-to-you\" target=\"_blank\" rel=\"noreferrer noopener nofollow\" data-type=\"link\" data-id=\"https:\/\/shop.bliss.org.uk\/en\/products\/parent-resources\/look-at-me-im-talking-to-you\">Descarc\u0103 ghidul PDF gratuit<\/a> despre observarea \u0219i \u00een\u021belegerea unui bebelu\u0219 prematur<\/p>\n\n              <\/div>\n            \n            \n                      <\/div>\n        <\/div>\n<\/div>  <\/div>\n\n  \n  <div class=\"hidden xl:block\">\n    <div \n      class=\"breakout-layout-grid w-full grid gap-8 xl:gap-0\"\n      style=\"grid-template-columns: 1fr minmax(0, 700px) 1fr;\"\n    >\n      \n      <div class=\"breakout-main mx-auto max-w-[700px] px-6 w-full xl:col-start-2 xl:px-0\">\n        <div class=\"breakout-main-inner flex desktop-vertical-center h-full\">\n          <div class=\"acf-innerblocks-container\">\n\n<h2 class=\"wp-block-heading is-style-title-font has-5-xl-font-size\" style=\"padding-bottom:32px\">Pa\u0219i de \u021binut minte<\/h2>\n\n\n\n<p class=\"is-style-body-font has-purple-color has-text-color has-link-color wp-elements-f8e175d44e2d5756b865e2a39b515533\"><strong>1. Preg\u0103te\u0219te-te<\/strong><br\/>Ce s-a \u00eent\u00e2mplat \u00een ultima vreme pentru bebelu\u0219ul t\u0103u? Este acum un moment bun pentru el?<\/p>\n\n\n\n<p class=\"is-style-body-font has-purple-color has-text-color has-link-color wp-elements-b9c41163e199d95dfb4faa4235403c9e\"><strong><strong><strong>2. Abordeaz\u0103 \u0219i a\u0219teapt\u0103<\/strong><\/strong><\/strong><br\/>Prive\u0219te-l pe bebe \u2014 ce \u00ee\u021bi spune? Folose\u0219te-\u021bi m\u00e2inile \u0219i vocea ca s\u0103 \u00eei spui bebelu\u0219ului ce urmeaz\u0103 s\u0103 se \u00eent\u00e2mple; \u00eencearc\u0103 s\u0103 fii l\u00e2ng\u0103 el sau fa\u021b\u0103 \u00een fa\u021b\u0103, dac\u0103 se poate. Inspir\u0103 de 5 ori.<\/p>\n\n\n\n<p class=\"is-style-body-font has-purple-color has-text-color has-link-color wp-elements-74e7f96a5108335df1c380dfccd297b2\"><strong><strong><strong>3. Conecteaz\u0103-te<\/strong><\/strong><\/strong><br\/>Ofer\u0103 sunete. Folose\u0219te-\u021bi privirea, m\u00e2inile \u0219i sunetele ca s\u0103 r\u0103spunzi bebelu\u0219ului t\u0103u.<\/p>\n\n\n\n<p class=\"is-style-body-font has-purple-color has-text-color has-link-color wp-elements-fd8fce74fd6a60efd627b7d77781f891\"><strong><strong><strong>4. Adapteaz\u0103-te<\/strong><\/strong><\/strong><br\/>Potrive\u0219te-\u021bi sunetele dup\u0103 ceea ce \u00ee\u021bi transmite bebelu\u0219ul. Poate vrea s\u0103 \u00eencetine\u0219ti sunetele, s\u0103 faci o pauz\u0103 sau e preg\u0103tit pentru mai mult. Are nevoie de o pozi\u021bie din care s\u0103 te g\u0103seasc\u0103 mai u\u0219or?<\/p>\n\n\n\n<p class=\"is-style-body-font has-purple-color has-text-color has-link-color wp-elements-4a9ef73f597dbfe20e3b09a2799f9a18\"><strong><strong><strong>5. \u00cencheie<\/strong><\/strong><\/strong><br\/>Anun\u021b\u0103-\u021bi bebelu\u0219ul c\u0103 ai terminat, \u021bine-\u021bi m\u00e2inile nemi\u0219cate \u0219i respir\u0103 de cinci ori \u00eenainte s\u0103 te retragi.<\/p>\n\n<\/div>\n        <\/div>\n      <\/div>\n\n      \n              <div class=\"breakout-aside xl:row-start-1 mt-8 xl:mt-0 p-6 xl:p-8 flex flex-col xl:col-start-3 xl:-mr-8\">\n          <div class=\"flex flex-col h-full\"  style=\"max-width: 212px;\" >\n            <div class=\"breakout-aside-inner flex flex-col h-full\">\n              \n                              <div style=\"max-width: 212px; font-size: 24px; line-height: 130%;\" class=\"mb-6\">\n                  <p><img loading=\"lazy\" decoding=\"async\" class=\"alignnone size-medium wp-image-282\" src=\"https:\/\/soundorigins.org\/app\/uploads\/2025\/07\/bliss-book-214x300.png\" alt=\"\" width=\"214\" height=\"300\" srcset=\"https:\/\/soundorigins.org\/app\/uploads\/2025\/07\/bliss-book-214x300.png 214w, https:\/\/soundorigins.org\/app\/uploads\/2025\/07\/bliss-book-729x1024.png 729w, https:\/\/soundorigins.org\/app\/uploads\/2025\/07\/bliss-book-768x1078.png 768w, https:\/\/soundorigins.org\/app\/uploads\/2025\/07\/bliss-book.png 800w\" sizes=\"auto, (max-width: 214px) 100vw, 214px\" \/><br \/>\n<a href=\"https:\/\/shop.bliss.org.uk\/en\/products\/parent-resources\/look-at-me-im-talking-to-you\" target=\"_blank\" rel=\"noreferrer noopener nofollow\" data-type=\"link\" data-id=\"https:\/\/shop.bliss.org.uk\/en\/products\/parent-resources\/look-at-me-im-talking-to-you\">Descarc\u0103 ghidul PDF gratuit<\/a> despre observarea \u0219i \u00een\u021belegerea unui bebelu\u0219 prematur<\/p>\n\n                <\/div>\n              \n              \n                          <\/div>\n          <\/div>\n        <\/div>\n        <\/div>\n<\/div>\n\n\n\n<\/div>\n            <\/div>\n            <\/section>\n<section class=\"wp-block-section has-background has-pale-purple-background-color\" style=\"\">\n                    <div class=\"w-full h-full\">\n                <div class=\"acf-innerblocks-container\">\n\n<div class=\"wp-block-columns is-layout-flex wp-container-core-columns-is-layout-28f84493 wp-block-columns-is-layout-flex\">\n<div class=\"wp-block-column is-layout-constrained wp-container-core-column-is-layout-92ef7b19 wp-block-column-is-layout-constrained\">\n<h2 class=\"wp-block-heading is-style-title-font has-purple-color has-text-color has-link-color wp-elements-f3b33ab5a2011a1b6ed92964a3f8e330\">Ajustarea sunetelor tale<\/h2>\n\n\n\n<p class=\"has-purple-color has-text-color has-link-color wp-elements-80da976c6fb9cd23df9fd3b440302558\">\u00ce\u021bi po\u021bi adapta sunetele ca s\u0103 se potriveasc\u0103 bebelu\u0219ului t\u0103u. Ajusteaz\u0103 felul \u00een care te conectezi \u00een func\u021bie de cum se simte bebelu\u0219ul \u0219i de ziua pe care o are.<\/p>\n\n\n\n<div class=\"wp-block-buttons hide-on-desktop is-layout-flex wp-block-buttons-is-layout-flex\" style=\"padding-bottom:0rem\">\n<div class=\"wp-block-button is-style-link\"><a class=\"wp-block-button__link has-purple-color has-text-color has-link-color wp-element-button\" href=\"https:\/\/soundorigins.org\/app\/uploads\/2025\/08\/flow.png\" target=\"_blank\" rel=\"noreferrer noopener\">Sfaturi pentru conectare<\/a><\/div>\n<\/div>\n\n\n\n<div class=\"wp-block-buttons hide-on-desktop is-layout-flex wp-block-buttons-is-layout-flex\">\n<div class=\"wp-block-button is-style-link\"><a class=\"wp-block-button__link has-purple-color has-text-color has-link-color wp-element-button\" href=\"https:\/\/soundorigins.org\/app\/uploads\/2025\/11\/flow.jpg\" target=\"_blank\" rel=\"noreferrer noopener\">Ghid de stimulare<\/a><\/div>\n<\/div>\n<\/div>\n<\/div>\n\n<\/div>\n            <\/div>\n            <\/section>\n<section class=\"py-(--wp--custom--spacing--section-padding-mobile-top) md:py-(--wp--custom--spacing--section-padding-desktop) no-padding-top hide-on-mobile wp-block-section has-background has-pale-purple-background-color\" style=\"\">\n                    <div class=\"container w-full h-full\">\n  <div class=\"acf-innerblocks-container\">\n<div class=\"w-full wp-block-full-width-image\">\n\n  <div class=\"px-4 sm:px-6 lg:px-8 max-w-[1440px] mx-auto\">\n  <img decoding=\"async\" \n        src=\"https:\/\/soundorigins.org\/app\/uploads\/2025\/08\/flow-1024x230.png\" \n        alt=\"\"\n        class=\"w-full h-auto object-cover max-w-[1440px] mx-auto\"\n                  srcset=\"https:\/\/soundorigins.org\/app\/uploads\/2025\/08\/flow-300x67.png 768w, https:\/\/soundorigins.org\/app\/uploads\/2025\/08\/flow-1024x230.png 1024w, https:\/\/soundorigins.org\/app\/uploads\/2025\/08\/flow.png 1308w\"\n          sizes=\"100vw\"\n              \/>\n<\/div>\n  <\/div>\n\n\n<div class=\"w-full pt-100px wp-block-full-width-image\">\n\n  <div class=\"px-4 sm:px-6 lg:px-8 max-w-[1440px] mx-auto\">\n  <img decoding=\"async\" \n        src=\"https:\/\/soundorigins.org\/app\/uploads\/2025\/09\/FLow-chart-797x1024.png\" \n        alt=\"\"\n        class=\"w-full h-auto object-cover max-w-[1440px] mx-auto\"\n                  srcset=\"https:\/\/soundorigins.org\/app\/uploads\/2025\/09\/FLow-chart-234x300.png 768w, https:\/\/soundorigins.org\/app\/uploads\/2025\/09\/FLow-chart-797x1024.png 1024w, https:\/\/soundorigins.org\/app\/uploads\/2025\/09\/FLow-chart.png 1243w\"\n          sizes=\"100vw\"\n              \/>\n<\/div>\n  <\/div>\n\n<\/div>\n<\/div>            <\/section>\n<section class=\"wp-block-section has-background has-cream-2-background-color\" style=\"\">\n                    <div class=\"container w-full h-full\">\n  <div class=\"acf-innerblocks-container\">\n\n<div class=\"wp-block-columns is-style-vertical-center is-layout-flex wp-container-core-columns-is-layout-a5331a9e wp-block-columns-is-layout-flex\" style=\"padding-top:0;padding-right:0;padding-bottom:0;padding-left:0\">\n<div class=\"wp-block-column is-layout-constrained wp-container-core-column-is-layout-782236d7 wp-block-column-is-layout-constrained\">\n<h2 class=\"wp-block-heading is-style-title-font has-purple-color has-text-color has-link-color wp-elements-05a0b8cb44a3adbf2f99931973ac9b40\">Bebelu\u0219ul t\u0103u, sunetele tale, conexiunea ta<\/h2>\n\n\n\n<div class=\"wp-block-buttons is-layout-flex wp-block-buttons-is-layout-flex\">\n<div class=\"wp-block-button\"><a class=\"wp-block-button__link has-cream-color has-bright-purple-background-color has-text-color has-background has-link-color wp-element-button\" href=\"https:\/\/soundorigins.org\/ro\/conecteaza-te\/\">Conecteaz\u0103-te cu noi<\/a><\/div>\n<\/div>\n<\/div>\n<\/div>\n\n<\/div>\n<\/div>            <\/section>\n","protected":false},"excerpt":{"rendered":"","protected":false},"author":1,"featured_media":0,"parent":893,"menu_order":0,"comment_status":"closed","ping_status":"closed","template":"","meta":{"_acf_changed":false,"navigation_active_colour":"","footnotes":""},"class_list":["post-970","page","type-page","status-publish","hentry"],"acf":[],"_links":{"self":[{"href":"https:\/\/soundorigins.org\/ro\/wp-json\/wp\/v2\/pages\/970","targetHints":{"allow":["GET"]}}],"collection":[{"href":"https:\/\/soundorigins.org\/ro\/wp-json\/wp\/v2\/pages"}],"about":[{"href":"https:\/\/soundorigins.org\/ro\/wp-json\/wp\/v2\/types\/page"}],"author":[{"embeddable":true,"href":"https:\/\/soundorigins.org\/ro\/wp-json\/wp\/v2\/users\/1"}],"replies":[{"embeddable":true,"href":"https:\/\/soundorigins.org\/ro\/wp-json\/wp\/v2\/comments?post=970"}],"version-history":[{"count":1,"href":"https:\/\/soundorigins.org\/ro\/wp-json\/wp\/v2\/pages\/970\/revisions"}],"predecessor-version":[{"id":975,"href":"https:\/\/soundorigins.org\/ro\/wp-json\/wp\/v2\/pages\/970\/revisions\/975"}],"up":[{"embeddable":true,"href":"https:\/\/soundorigins.org\/ro\/wp-json\/wp\/v2\/pages\/893"}],"wp:attachment":[{"href":"https:\/\/soundorigins.org\/ro\/wp-json\/wp\/v2\/media?parent=970"}],"curies":[{"name":"wp","href":"https:\/\/api.w.org\/{rel}","templated":true}]}}