{"id":821,"date":"2025-08-05T08:33:16","date_gmt":"2025-08-05T07:33:16","guid":{"rendered":"https:\/\/soundorigins.kindred.agency\/personal\/"},"modified":"2025-10-13T10:02:21","modified_gmt":"2025-10-13T09:02:21","slug":"personal","status":"publish","type":"page","link":"https:\/\/soundorigins.org\/ro\/liste-de-redare\/personal\/","title":{"rendered":"Personal"},"content":{"rendered":"<div>\n                    <div class=\"relative bg-cover bg-center bg-no-repeat w-full py-8 md:flex md:items-center md:py-0 md:min-h-[408px]\"\n             style=\"background-image: url('https:\/\/soundorigins.org\/app\/uploads\/2025\/07\/Playlists-interwoven-sounds-1_Adjust2-2-scaled.jpg')\" >\n            <div class=\"container\">\n  <div style=\"max-width: 829px\">\n                    <h1 class=\"font-title font-medium leading-[42px] md:leading-[59px]! text-[34px] md:text-[49px]! align wp-block-title\">\n                                                    Aceste playlisturi au fost create pentru tine de c\u0103tre al\u021bi p\u0103rin\u021bi ca punct de plecare \u00een g\u0103sirea sunetelor \u0219i melodiilor\n                                            <\/h1>\n                <\/div>\n<\/div>        <\/div>\n    <\/div>\n\n\n<section class=\"wp-block-section has-background has-cream-background-color\" style=\"\">\n                    <div class=\"w-full h-full\">\n                <div class=\"acf-innerblocks-container\">\n<div class=\"container\">\n  <nav class=\"sibling-nav flex flex-row rtl:flex-row-reverse items-center lg:gap-[230px] min-h-[74px] gap-[30px] justify-start rtl:justify-end\" class=\"wp-block-page-navigation\">\n                  <a href=\"https:\/\/soundorigins.org\/ro\/liste-de-redare\/parinti\/\" \n           class=\"sibling-nav-link font-title font-bold text-body tracking-[0.08em] uppercase text-purple no-underline relative transition-colors duration-300 ease-in-out\">\n          P\u0103rin\u021bi\n        <\/a>\n              <a href=\"https:\/\/soundorigins.org\/ro\/liste-de-redare\/personal\/\" \n           class=\"sibling-nav-link font-title font-bold text-body tracking-[0.08em] uppercase text-purple no-underline relative transition-colors duration-300 ease-in-out current-page\">\n          Personal\n        <\/a>\n            <\/nav>\n<\/div>\n<\/div>\n            <\/div>\n            <\/section>\n\n\n<section class=\"wp-block-section has-background has-cream-3-background-color\" style=\"\">\n                    <div class=\"w-full h-full\">\n                <div class=\"acf-innerblocks-container\">\n\n<div class=\"wp-block-columns is-layout-flex wp-container-core-columns-is-layout-28f84493 wp-block-columns-is-layout-flex\">\n<div class=\"wp-block-column is-layout-flow wp-block-column-is-layout-flow\" style=\"flex-basis:679px\">\n<p>Uneori este util s\u0103 ne amintim c\u0103 nu suntem singuri \u00een experien\u021bele noastre. De asemenea, este util s\u0103 celebr\u0103m diversitatea echipelor noastre. \u00ce\u021bi suger\u0103m s\u0103 creezi playlisturi comune cu colegii t\u0103i pentru a celebra identit\u0103\u021bile unice pe care fiecare individ le aduce \u00een echipa ta \u0219i care o fac puternic\u0103 ca loc de sprijin reciproc \u0219i de g\u0103sire a ideilor \u00een momentele dificile&#8230;<br>Fiecare are sunete diferite pe care le consider\u0103 utile \u00een momente diferite. Acestea ar putea fi sunete din natur\u0103, imnuri de dans, heavy metal, muzic\u0103 clasic\u0103, rug\u0103ciuni. Uneori este greu s\u0103 \u0219tii de unde s\u0103 \u00eencepi.<br>\u00cencearc\u0103 s\u0103 creezi 3 playlisturi comune \u00een echipa ta. Singura regul\u0103 este c\u0103 cuvintele trebuie s\u0103 fie pozitive, reconfortante, lini\u0219titoare, \u00eemputernicite sau energizante:<\/p>\n<\/div>\n<\/div>\n\n<\/div>\n            <\/div>\n            <\/section>\n\n\n<section class=\"home-image-row wp-block-section has-background has-cream-background-color\" style=\"\">\n                    <div class=\"w-full h-full\">\n                <div class=\"acf-innerblocks-container\">\n\n<div class=\"wp-block-columns force-wrap-mobile sage-break-out-right is-layout-flex wp-container-core-columns-is-layout-28f84493 wp-block-columns-is-layout-flex\" style=\"display:flex;overflow:visible\">\n<div class=\"wp-block-column is-style-vertical-top mobile-section-desktop-spacing-bottom desktop-vertical-center is-layout-flow wp-block-column-is-layout-flow\">\n<h2 class=\"wp-block-heading is-style-title-font has-purple-color has-text-color has-link-color wp-elements-2583b71b712f054739a724423858dfac\">Cum s\u0103 faci playlisturi<\/h2>\n\n\n\n<p><br>Adaug\u0103 sunetele \u0219i melodiile alese la fiecare playlist \u0219i ascult\u0103 piesele ad\u0103ugate de echipa ta:<br><br><\/p>\n\n\n\n<p><strong>Pasul 1: deschide spotify<\/strong><\/p>\n\n\n\n<div style=\"height:4px\" aria-hidden=\"true\" class=\"wp-block-spacer\"><\/div>\n\n\n\n<ul class=\"wp-block-list outdented-list\">\n<li>Apas\u0103 pe aplica\u021bia verde Spotify de pe telefon\/tablet\u0103<\/li>\n\n\n\n<li>Nu ai desc\u0103rcat-o? Ob\u021bine-o gratuit din magazinul de aplica\u021bii<\/li>\n<\/ul>\n\n\n\n<p><strong>Pasul 2: \u00cencepe un playlist nou<\/strong><\/p>\n\n\n\n<div style=\"height:4px\" aria-hidden=\"true\" class=\"wp-block-spacer\"><\/div>\n\n\n\n<ol class=\"wp-block-list outdented-list\">\n<li>Apas\u0103 pe &#8216;Biblioteca ta&#8217; \u0219i alege &#8216;Playlist colaborativ&#8217;<\/li>\n\n\n\n<li>D\u0103-i un nume (de ex. &#8216;Melodii ploioase&#8217;)<\/li>\n\n\n\n<li>Apas\u0103 &#8216;Creeaz\u0103&#8217;<\/li>\n\n\n\n<li>Invit\u0103 colaboratori<\/li>\n\n\n\n<li>Copiaz\u0103 linkul sau trimite \u00een mesaje<\/li>\n<\/ol>\n\n\n\n<p><strong>Pasul 3: Adaug\u0103 melodii<\/strong><\/p>\n\n\n\n<div style=\"height:4px\" aria-hidden=\"true\" class=\"wp-block-spacer\"><\/div>\n\n\n\n<ul class=\"wp-block-list dash-list outdented-list\">\n<li>Caut\u0103 o melodie (apas\u0103 pe iconi\u021ba de c\u0103utare)<\/li>\n\n\n\n<li>Apas\u0103 &#8216;Adaug\u0103 la playlist&#8217; (l\u00e2ng\u0103 melodie)<\/li>\n\n\n\n<li>Alege noul t\u0103u playlist<\/li>\n\n\n\n<li>Repet\u0103 pentru mai multe melodii<\/li>\n<\/ul>\n<\/div>\n\n\n\n<div class=\"wp-block-column sage-column-align-bottom is-layout-flow wp-block-column-is-layout-flow\" style=\"padding-top:var(--wp--preset--spacing--section-desktop);padding-bottom:0;padding-left:var(--wp--preset--spacing--70)\">\n<figure class=\"wp-block-image size-full float-right home-image-row-playlist-img\"><img decoding=\"async\" src=\"https:\/\/soundorigins.org\/app\/uploads\/2025\/10\/phone-multi-languages.png\" alt=\"\" class=\"wp-image-1208\"\/><\/figure>\n<\/div>\n<\/div>\n\n<\/div>\n            <\/div>\n            <\/section>\n\n\n<section class=\"wp-elements-8621845b3a385125b7cf2f0cfc1068a7 wp-block-section has-text-color has-purple-color has-background has-cream-3-background-color\" style=\"\">\n                    <div class=\"container w-full h-full\">\n  <div class=\"acf-innerblocks-container\">\n\n<div class=\"wp-block-columns is-style-vertical-center is-layout-flex wp-container-core-columns-is-layout-a5331a9e wp-block-columns-is-layout-flex\" style=\"padding-top:0;padding-right:0;padding-bottom:0;padding-left:0\">\n<div class=\"wp-block-column is-layout-constrained wp-container-core-column-is-layout-782236d7 wp-block-column-is-layout-constrained\">\n<h2 class=\"wp-block-heading is-style-title-font has-purple-color has-text-color has-link-color wp-elements-1b0a068f39cb61f04a13ed0ad4c0bd0b\">F\u0103-\u021bi propriul playlist pentru familia, comunitatea sau sec\u021bia ta. Ne-ar pl\u0103cea dac\u0103 \u021bi-ai \u00eemp\u0103rt\u0103\u0219i \u0219i cu noi al t\u0103u.<\/h2>\n\n\n\n<div class=\"wp-block-buttons is-layout-flex wp-block-buttons-is-layout-flex\">\n<div class=\"wp-block-button\"><a class=\"wp-block-button__link has-cream-3-color has-red-background-color has-text-color has-background has-link-color wp-element-button\" href=\"https:\/\/soundorigins.org\/connect\/\">Conecteaz\u0103-te cu noi<\/a><\/div>\n<\/div>\n<\/div>\n<\/div>\n\n<\/div>\n<\/div>            <\/section>\n","protected":false},"excerpt":{"rendered":"","protected":false},"author":1,"featured_media":0,"parent":923,"menu_order":0,"comment_status":"closed","ping_status":"closed","template":"","meta":{"_acf_changed":false,"navigation_active_colour":"","footnotes":""},"class_list":["post-821","page","type-page","status-publish","hentry"],"acf":[],"_links":{"self":[{"href":"https:\/\/soundorigins.org\/ro\/wp-json\/wp\/v2\/pages\/821","targetHints":{"allow":["GET"]}}],"collection":[{"href":"https:\/\/soundorigins.org\/ro\/wp-json\/wp\/v2\/pages"}],"about":[{"href":"https:\/\/soundorigins.org\/ro\/wp-json\/wp\/v2\/types\/page"}],"author":[{"embeddable":true,"href":"https:\/\/soundorigins.org\/ro\/wp-json\/wp\/v2\/users\/1"}],"replies":[{"embeddable":true,"href":"https:\/\/soundorigins.org\/ro\/wp-json\/wp\/v2\/comments?post=821"}],"version-history":[{"count":3,"href":"https:\/\/soundorigins.org\/ro\/wp-json\/wp\/v2\/pages\/821\/revisions"}],"predecessor-version":[{"id":1209,"href":"https:\/\/soundorigins.org\/ro\/wp-json\/wp\/v2\/pages\/821\/revisions\/1209"}],"up":[{"embeddable":true,"href":"https:\/\/soundorigins.org\/ro\/wp-json\/wp\/v2\/pages\/923"}],"wp:attachment":[{"href":"https:\/\/soundorigins.org\/ro\/wp-json\/wp\/v2\/media?parent=821"}],"curies":[{"name":"wp","href":"https:\/\/api.w.org\/{rel}","templated":true}]}}