{"id":1093,"date":"2025-07-21T09:49:18","date_gmt":"2025-07-21T08:49:18","guid":{"rendered":"https:\/\/soundorigins.kindred.agency\/despre\/"},"modified":"2025-09-25T16:25:25","modified_gmt":"2025-09-25T15:25:25","slug":"despre","status":"publish","type":"page","link":"https:\/\/soundorigins.org\/ro\/despre\/","title":{"rendered":"Despre"},"content":{"rendered":"<div class=\"wp-elements-4d7e7da176a40a213fd74ce2eca34c61\">\n                    <div class=\"relative bg-cover bg-center bg-no-repeat w-full py-8 md:flex md:items-center md:py-0 md:min-h-[408px]\"\n             style=\"background-image: url('https:\/\/soundorigins.org\/app\/uploads\/2025\/08\/generic-scaled.jpg')\" >\n            <div class=\"container\">\n  <div style=\"max-width: 800px\">\n                    <h1 class=\"font-title font-medium leading-[42px] md:leading-[59px]! text-[34px] md:text-[49px]! align wp-elements-4d7e7da176a40a213fd74ce2eca34c61 wp-block-title has-text-color has-cream-color\">\n                                                    Sound Origins a fost dezvoltat de p\u0103rin\u021bi \u0219i profesioni\u0219ti din domeniul s\u0103n\u0103t\u0103\u021bii care \u00eengrijesc un bebelu\u0219 grav bolnav \u00een sec\u021bia neonatal\u0103\n                                            <\/h1>\n                <\/div>\n<\/div>        <\/div>\n    <\/div>\n<section class=\"wp-elements-41a9f81a2f9bf14ece9f51d42a934d9c wp-block-section has-text-color has-purple-color has-background has-cream-2-background-color\" style=\"\">\n                    <div class=\"w-full h-full\">\n                <div class=\"acf-innerblocks-container\">\n\n<div class=\"wp-block-columns is-layout-flex wp-container-core-columns-is-layout-28f84493 wp-block-columns-is-layout-flex\">\n<div class=\"wp-block-column is-layout-constrained wp-container-core-column-is-layout-92ef7b19 wp-block-column-is-layout-constrained\">\n<p><strong>Parteneri<\/strong><br\/>Le mul\u021bumim cu recuno\u0219tin\u021b\u0103 pentru sprijinul \u0219i colaborarea de nepre\u021buit partenerilor no\u0219tri de proiect.<\/p>\n\n\n<div class=\"alignwide wp-block-partner-logos\" class=\"alignwide wp-block-partner-logos\">\n      <div class=\"w-full\">\n            \n      \n              <div class=\"flex flex-col md:flex-row justify-between items-center mb-8 md:mb-12 gap-8 md:gap-8\">\n                      <div class=\"flex-1 flex justify-center\">\n                              <a href=\"https:\/\/www.acrossummah.com\" \n                   target=\"_blank\" \n                   rel=\"noopener noreferrer\"\n                   class=\"block w-full\">\n                            \n                              <img decoding=\"async\" src=\"https:\/\/soundorigins.org\/app\/uploads\/2025\/08\/Across-Ummah.png\" \n                     alt=\"\"\n                     class=\"object-contain mx-auto\" \/>\n                            \n                              <\/a>\n                          <\/div>\n                      <div class=\"flex-1 flex justify-center\">\n                              <a href=\"https:\/\/www.campsimcha.org.uk\" \n                   target=\"_blank\" \n                   rel=\"noopener noreferrer\"\n                   class=\"block w-full\">\n                            \n                              <img decoding=\"async\" src=\"https:\/\/soundorigins.org\/app\/uploads\/2025\/08\/Camp-Simcha-logo-1.png\" \n                     alt=\"\"\n                     class=\"object-contain mx-auto\" \/>\n                            \n                              <\/a>\n                          <\/div>\n                      <div class=\"flex-1 flex justify-center\">\n                              <a href=\"https:\/\/www.peeps-hie.org\" \n                   target=\"_blank\" \n                   rel=\"noopener noreferrer\"\n                   class=\"block w-full\">\n                            \n                              <img decoding=\"async\" src=\"https:\/\/soundorigins.org\/app\/uploads\/2025\/08\/peeps.png\" \n                     alt=\"\"\n                     class=\"object-contain mx-auto\" \/>\n                            \n                              <\/a>\n                          <\/div>\n                  <\/div>\n            \n      \n              <div class=\"flex flex-col md:flex-row items-center justify-between gap-8 md:gap-[74px]\">\n                    <div class=\"flex-1 flex justify-center\">\n                          <a href=\"https:\/\/noahsarkhospice.org.uk\" \n                 target=\"_blank\" \n                 rel=\"noopener noreferrer\"\n                 class=\"block w-full\">\n                        \n                          <img decoding=\"async\" src=\"https:\/\/soundorigins.org\/app\/uploads\/2025\/08\/NA-logo_BLK-1.png\" \n                   alt=\"\"\n                   class=\"object-contain mx-auto\" \/>\n                        \n                          <\/a>\n                      <\/div>\n                  <div class=\"flex-1 flex justify-center\">\n                          <a href=\"https:\/\/www.design-science.org.uk\" \n                 target=\"_blank\" \n                 rel=\"noopener noreferrer\"\n                 class=\"block w-full\">\n                        \n                          <img decoding=\"async\" src=\"https:\/\/soundorigins.org\/app\/uploads\/2025\/08\/Group-77.png\" \n                   alt=\"\"\n                   class=\"object-contain mx-auto\" \/>\n                        \n                          <\/a>\n                      <\/div>\n                <\/div>\n          <\/div>\n  <\/div><\/div>\n<\/div>\n\n<\/div>\n            <\/div>\n            <\/section>\n<section class=\"wp-elements-79e621754e8a2c051ae25dbb12dd8679 wp-block-section has-text-color has-purple-color has-background has-cream-3-background-color\" style=\"\">\n                    <div class=\"w-full h-full\">\n                <div class=\"acf-innerblocks-container\">\n\n<div class=\"wp-block-columns is-layout-flex wp-container-core-columns-is-layout-28f84493 wp-block-columns-is-layout-flex\">\n<div class=\"wp-block-column is-layout-constrained wp-container-core-column-is-layout-92ef7b19 wp-block-column-is-layout-constrained\">\n<p><strong>Contact<\/strong><br\/>Dac\u0103 vrei s\u0103 ne scrii pentru a sugera c\u00e2ntece pentru viitorii p\u0103rin\u021bi sau pentru mai multe informa\u021bii despre folosirea sunetului \u0219i a c\u00e2ntecului pentru a sprijini p\u0103rin\u021bii \u0219i bebelu\u0219ii, te rug\u0103m s\u0103 contactezi:<br\/><br\/><a href=\"mailto:Kirsty.Jane1@nhs.net\">Kirsty.Jane1@nhs.net<\/a><\/p>\n<\/div>\n<\/div>\n\n<\/div>\n            <\/div>\n            <\/section>\n<section class=\"min-h-[477px] [&amp;:has(.wp-block:not(.wp-block-acf-innerblocks))]:min-h-0 wp-block-section\" style=\"\">\n                    <div class=\"w-full h-full\">\n                <div class=\"acf-innerblocks-container\">\n\n<figure class=\"wp-block-image size-large\"><img loading=\"lazy\" decoding=\"async\" width=\"1024\" height=\"290\" src=\"https:\/\/soundorigins.org\/app\/uploads\/2025\/09\/About_babies-1024x290.jpg\" alt=\"\" class=\"wp-image-760\" srcset=\"https:\/\/soundorigins.org\/app\/uploads\/2025\/09\/About_babies-1024x290.jpg 1024w, https:\/\/soundorigins.org\/app\/uploads\/2025\/09\/About_babies-300x85.jpg 300w, https:\/\/soundorigins.org\/app\/uploads\/2025\/09\/About_babies-768x218.jpg 768w, https:\/\/soundorigins.org\/app\/uploads\/2025\/09\/About_babies-1536x435.jpg 1536w, https:\/\/soundorigins.org\/app\/uploads\/2025\/09\/About_babies-2048x580.jpg 2048w\" sizes=\"auto, (max-width: 1024px) 100vw, 1024px\" \/><\/figure>\n\n<\/div>\n            <\/div>\n            <\/section>\n<section class=\"wp-elements-b90d4f5f754b3f5dd6e5df1559d5bcd8 wp-block-section has-text-color has-purple-color has-background has-cream-2-background-color\" style=\"\">\n                    <div class=\"w-full h-full\">\n                <div class=\"acf-innerblocks-container\">\n\n<div class=\"wp-block-columns is-layout-flex wp-container-core-columns-is-layout-28f84493 wp-block-columns-is-layout-flex\">\n<div class=\"wp-block-column is-layout-constrained wp-container-core-column-is-layout-92ef7b19 wp-block-column-is-layout-constrained\">\n<p><strong>Cercetarea noastr\u0103<\/strong><br\/>Dac\u0103 e\u0219ti interesat de cercetarea noastr\u0103, mai jos g\u0103se\u0219ti articole \u0219i capitole publicate ca parte a activit\u0103\u021bii noastre. <\/p>\n\n\n\n<p><a href=\"https:\/\/www.sciencedirect.com\/science\/article\/abs\/pii\/S1355184122000126\" target=\"_blank\" rel=\"noreferrer noopener\">\u201eLeg\u0103nul lui George: un studiu de caz privind utilizarea terapiei prin muzic\u0103 pentru a sprijini p\u0103rin\u021bii \u0219i bebelu\u0219ul lor pe o cale paliativ\u0103\u201d, <em>ScienceDirect<\/em><\/a><br\/><em>K. Ormston, E. Rose \u0219i K. Gallagher<\/em><br\/>Journal of Neonatal Nursing 2022 Vol. 28 Nr. 3 Pagini 203\u2013206<br\/>DOI: <a href=\"https:\/\/doi.org\/10.1016\/j.jnn.2022.01.011\" target=\"_blank\" rel=\"noreferrer noopener\">https:\/\/doi.org\/10.1016\/j.jnn.2022.01.011<\/a> <br\/><br\/>\u201eLinii de comunicare: crearea leg\u0103turilor continue \u00een sec\u021bia neonatal\u0103\u201d<br\/><em>K. Jane, M. Titus \u0219i D Ram Mohan<\/em><br\/>\u00cen: <a href=\"https:\/\/www.routledge.com\/Music-Therapy-in-Childrens-Palliative-Care-Collaborative-Family-and-Practitioner-Voices\/Kammin-Russell\/p\/book\/9781032657288\">Music Therapy in Children\u2019s Palliative Care: Collaborative Family and Practitioner Voices, editat de V. Kammin \u0219i J. Russell<\/a><br\/>Capitolul 2, Routledge 2025 <br\/><br\/><a href=\"https:\/\/onlinelibrary.wiley.com\/doi\/10.1111\/nicc.13194\" target=\"_blank\" rel=\"noreferrer noopener\">\u201eExperien\u021bele p\u0103rin\u021bilor privind sprijinul psihoterapeutic \u00een sec\u021bia neonatal\u0103: o analiz\u0103 sistematic\u0103 cu metode mixte pentru a informa dezvoltarea unei interven\u021bii pentru o popula\u021bie multicultural\u0103\u201d<\/a><br\/><em>K. Jane, D. Wood, K. Gallagher, P. Livermore, H. Shoemark \u0219i G. Robert<\/em><br\/>Nursing in Critical Care 2024 Vol. n\/a Nr. n\/a <br\/>DOI: https:\/\/doi.org\/10.1111\/nicc.13194 <br\/><br\/>\u201eA fi p\u0103rinte \u00een mediile de \u00eengrijire neonatal\u0103: un sondaj privind acceptabilitatea sunetului \u0219i a c\u00e2ntecului pentru p\u0103rin\u021bii cu bebelu\u0219i grav bolnavi \u00een sec\u021biile neonatale din Marea Britanie \u2013 ScienceDirect\u201d <br\/><em>K. Jane, K. Gallagher, P. Livermore, H. Shoemark \u0219i G. Robert<\/em><br\/>Journal of Neonatal Nursing 2025 Vol. 31 Nr. 3 Pagini 101674<br\/>DOI: <a href=\"https:\/\/doi.org\/10.1016\/j.jnn.2025.101674\" target=\"_blank\" rel=\"noreferrer noopener\">https:\/\/doi.org\/10.1016\/j.jnn.2025.101674<\/a> <br\/><br\/>\u201eSprijinirea leg\u0103turilor continue pentru p\u0103rin\u021bii cu bebelu\u0219i cu viitor incert \u00een sec\u021biile neonatale din Regatul Unit: co-crearea unei interven\u021bii de terapie prin muzic\u0103 sensibil\u0103 cultural\u201d<br\/><em>K. Jane, K Gallagher, P. Livermore, H. Shoemark \u0219i G. Robert<\/em> (\u00een curs de publicare)<\/p>\n<\/div>\n<\/div>\n\n<\/div>\n            <\/div>\n            <\/section>\n\n<p><\/p>\n","protected":false},"excerpt":{"rendered":"","protected":false},"author":1,"featured_media":0,"parent":0,"menu_order":0,"comment_status":"closed","ping_status":"closed","template":"","meta":{"_acf_changed":false,"navigation_active_colour":"","footnotes":""},"class_list":["post-1093","page","type-page","status-publish","hentry"],"acf":[],"_links":{"self":[{"href":"https:\/\/soundorigins.org\/ro\/wp-json\/wp\/v2\/pages\/1093","targetHints":{"allow":["GET"]}}],"collection":[{"href":"https:\/\/soundorigins.org\/ro\/wp-json\/wp\/v2\/pages"}],"about":[{"href":"https:\/\/soundorigins.org\/ro\/wp-json\/wp\/v2\/types\/page"}],"author":[{"embeddable":true,"href":"https:\/\/soundorigins.org\/ro\/wp-json\/wp\/v2\/users\/1"}],"replies":[{"embeddable":true,"href":"https:\/\/soundorigins.org\/ro\/wp-json\/wp\/v2\/comments?post=1093"}],"version-history":[{"count":1,"href":"https:\/\/soundorigins.org\/ro\/wp-json\/wp\/v2\/pages\/1093\/revisions"}],"predecessor-version":[{"id":1102,"href":"https:\/\/soundorigins.org\/ro\/wp-json\/wp\/v2\/pages\/1093\/revisions\/1102"}],"wp:attachment":[{"href":"https:\/\/soundorigins.org\/ro\/wp-json\/wp\/v2\/media?parent=1093"}],"curies":[{"name":"wp","href":"https:\/\/api.w.org\/{rel}","templated":true}]}}