{"id":1066,"date":"2025-07-21T09:51:55","date_gmt":"2025-07-21T08:51:55","guid":{"rendered":"https:\/\/soundorigins.kindred.agency\/politica-de-confidentialitate-si-cookie-uri\/"},"modified":"2025-09-25T16:25:20","modified_gmt":"2025-09-25T15:25:20","slug":"politica-de-confidentialitate-si-cookie-uri","status":"publish","type":"page","link":"https:\/\/soundorigins.org\/ro\/politica-de-confidentialitate-si-cookie-uri\/","title":{"rendered":"Politica de confiden\u021bialitate \u0219i cookie-uri"},"content":{"rendered":"<div class=\"wp-elements-a654caacef158649477f639fd9cac562\">\n                    <div class=\"relative bg-cover bg-center bg-no-repeat w-full py-8 md:flex md:items-center md:py-0 md:min-h-[248px]\"\n             style=\"background-image: url('https:\/\/soundorigins.org\/app\/uploads\/2025\/08\/generic-scaled.jpg')\" >\n            <div class=\"container\">\n  <div style=\"max-width: 800px\">\n                    <h1 class=\"font-title font-medium leading-[42px] md:leading-[59px]! text-[34px] md:text-[49px]! align wp-elements-a654caacef158649477f639fd9cac562 wp-block-title has-text-color has-cream-color\">\n                                                    Politica de confiden\u021bialitate \u0219i cookie-uri\n                                            <\/h1>\n                <\/div>\n<\/div>        <\/div>\n    <\/div>\n<section class=\"wp-elements-218f7d28d031e3fe96a8bc32d8303886 wp-block-section has-text-color has-purple-color has-background has-cream-2-background-color\" style=\"\">\n                    <div class=\"w-full h-full\">\n                <div class=\"acf-innerblocks-container\">\n\n<div class=\"wp-block-columns is-layout-flex wp-container-core-columns-is-layout-28f84493 wp-block-columns-is-layout-flex\">\n<div class=\"wp-block-column is-layout-constrained wp-container-core-column-is-layout-92ef7b19 wp-block-column-is-layout-constrained\">\n<p><strong>POLITICA DE CONFIDEN\u021aIALITATE<\/strong><\/p>\n\n\n\n<p>Lu\u0103m \u00een serios confiden\u021bialitatea ta \u0219i vom folosi informa\u021biile tale personale doar pentru a te contacta \u00een leg\u0103tur\u0103 cu orice \u00eentreb\u0103ri ai despre Sound Origins sau dac\u0103 dore\u0219ti s\u0103 oferi sunete sau melodii pentru liste de redare.<br\/><br\/>Ne angaj\u0103m s\u0103 \u00ee\u021bi protej\u0103m confiden\u021bialitatea. Orice informa\u021bie pe care o colect\u0103m despre tine este f\u0103cut\u0103 \u00een conformitate cu Legea privind protec\u021bia datelor din 1998. Nu transmitem informa\u021biile tale altor organiza\u021bii.  <br\/><br\/>Nu vom colecta niciodat\u0103 informa\u021bii sensibile despre tine f\u0103r\u0103 consim\u021b\u0103m\u00e2ntul t\u0103u explicit. Informa\u021biile pe care le de\u021binem vor fi corecte \u0219i actualizate. Po\u021bi verifica informa\u021biile pe care le de\u021binem despre tine trimi\u021b\u00e2ndu-ne un email. Dac\u0103 g\u0103se\u0219ti inexactit\u0103\u021bi, le vom \u0219terge sau corecta prompt. Informa\u021biile personale pe care le de\u021binem vor fi p\u0103strate \u00een siguran\u021b\u0103 \u00een conformitate cu politica noastr\u0103 intern\u0103 de securitate, GDPR \u0219i Codul Web Trader. Nu vom transfera informa\u021biile tale \u00een afara SEE (Spa\u021biul Economic European). Putem folosi tehnologia pentru a urm\u0103ri modelele de comportament ale vizitatorilor site-ului nostru. Acest lucru poate include utilizarea unui \u201ecookie\u201d care ar fi stocat \u00een browserul t\u0103u. De obicei, po\u021bi modifica browserul pentru a preveni acest lucru. Informa\u021biile colectate \u00een acest mod pot fi folosite pentru a te identifica, cu excep\u021bia cazului \u00een care \u00ee\u021bi modifici set\u0103rile browserului. Dac\u0103 ai \u00eentreb\u0103ri\/comentarii despre confiden\u021bialitate, ar trebui s\u0103 ne contactezi.          <\/p>\n\n\n\n<div style=\"height:25px\" aria-hidden=\"true\" class=\"wp-block-spacer\"><\/div>\n\n\n\n<p><strong>Informa\u021bii pe care le de\u021binem despre tine<\/strong><\/p>\n\n\n\n<p>Putem procesa anumite categorii speciale de informa\u021bii pentru scopuri specifice \u0219i limitate, vom procesa doar categorii speciale de informa\u021bii unde am ob\u021binut consim\u021b\u0103m\u00e2ntul t\u0103u explicit sau suntem altfel autoriza\u021bi legal s\u0103 facem acest lucru. Nu ob\u021binem date personale din nicio surs\u0103, altele dec\u00e2t de la tine. <\/p>\n\n\n\n<div style=\"height:25px\" aria-hidden=\"true\" class=\"wp-block-spacer\"><\/div>\n\n\n\n<p><strong>Cum folosim informa\u021biile tale<\/strong><\/p>\n\n\n\n<p>Vom folosi \u0219i \u00eemp\u0103rt\u0103\u0219i informa\u021biile tale doar acolo unde este necesar pentru a ne desf\u0103\u0219ura activit\u0103\u021bile comerciale legale. <br\/>Modul \u00een care folosim datele tale este descris mai jos:<\/p>\n\n\n\n<ul class=\"wp-block-list\">\n<li>Pentru a te contacta pentru a r\u0103spunde la \u00eentreb\u0103ri specifice pe care le-ai adresat<\/li>\n\n\n\n<li>Pentru a te contacta dac\u0103 \u021bi-ai exprimat interesul de a ad\u0103uga la listele de redare<\/li>\n\n\n\n<li>Monitorizarea, men\u021binerea \u0219i \u00eembun\u0103t\u0103\u021birea traficului c\u0103tre site-ul Sound Origins<\/li>\n<\/ul>\n\n\n\n<div style=\"height:25px\" aria-hidden=\"true\" class=\"wp-block-spacer\"><\/div>\n\n\n\n<p><strong>Cum p\u0103str\u0103m informa\u021biile tale<\/strong><\/p>\n\n\n\n<p>Ac\u021bion\u00e2nd ca un intermediar pentru a-\u021bi oferi produse sau servicii, cre\u0103m \u00eenregistr\u0103ri care con\u021bin informa\u021biile tale, cum ar fi \u00eenregistr\u0103rile contului de client \u0219i \u00eenregistr\u0103rile activit\u0103\u021bilor. \u00cenregistr\u0103rile pot fi p\u0103strate pe o varietate de suporturi (fizice sau electronice) \u0219i formate. <br\/><br\/>Gestion\u0103m \u00eenregistr\u0103rile noastre pentru a ne ajuta s\u0103 ne servim clien\u021bii \u0219i s\u0103 respect\u0103m cerin\u021bele legale \u0219i de reglementare. \u00cenregistr\u0103rile ne ajut\u0103 s\u0103 demonstr\u0103m c\u0103 ne \u00eendeplinim responsabilit\u0103\u021bile \u0219i s\u0103 le p\u0103str\u0103m ca dovad\u0103 a activit\u0103\u021bilor noastre comerciale. <br\/><br\/>Perioadele de p\u0103strare a \u00eenregistr\u0103rilor sunt determinate pe baza cerin\u021belor legale sau de reglementare aplicabile. De obicei, p\u0103str\u0103m \u00eenregistr\u0103rile contului de client pe durata de via\u021b\u0103 a oric\u0103rui produs sau serviciu aranjat de noi, pentru a putea gestiona eficient orice \u00eentreb\u0103ri pe care le-ai putea avea. <\/p>\n\n\n\n<div style=\"height:25px\" aria-hidden=\"true\" class=\"wp-block-spacer\"><\/div>\n\n\n\n<p><strong>Securitate<\/strong><\/p>\n\n\n\n<p>Ne angaj\u0103m s\u0103 ne asigur\u0103m c\u0103 informa\u021biile tale sunt \u00een siguran\u021b\u0103 la noi \u0219i la ter\u021bii care ac\u021bioneaz\u0103 \u00een numele nostru.<\/p>\n\n\n\n<div style=\"height:25px\" aria-hidden=\"true\" class=\"wp-block-spacer\"><\/div>\n\n\n\n<p><strong>POLITICA DE COOKIE-URI<\/strong><\/p>\n\n\n\n<p>Acest site web folose\u0219te cookie-uri pentru a \u00eembun\u0103t\u0103\u021bi experien\u021ba utilizatorilor \u00een timp ce viziteaz\u0103 site-ul. Acolo unde este aplicabil, acest site folose\u0219te un sistem de control al cookie-urilor care permite utilizatorului, la prima vizit\u0103 pe site, s\u0103 permit\u0103 sau s\u0103 interzic\u0103 utilizarea cookie-urilor pe computerul\/dispozitivul s\u0103u. Acest lucru respect\u0103 cerin\u021bele legislative recente pentru ca site-urile web s\u0103 ob\u021bin\u0103 consim\u021b\u0103m\u00e2ntul explicit al utilizatorilor \u00eenainte de a l\u0103sa sau citi fi\u0219iere precum cookie-uri pe computerul\/dispozitivul unui utilizator.  <br\/><br\/>Utilizatorii sunt sf\u0103tui\u021bi c\u0103, dac\u0103 doresc s\u0103 refuze utilizarea \u0219i salvarea cookie-urilor de pe acest site pe hard disk-ul computerului lor, ar trebui s\u0103 ia m\u0103surile necesare \u00een set\u0103rile de securitate ale browserului web pentru a bloca toate cookie-urile de pe acest site \u0219i de la furnizorii s\u0103i externi.<br\/><br\/>Acest site web folose\u0219te software de urm\u0103rire pentru a monitoriza vizitatorii s\u0103i pentru a \u00een\u021belege mai bine cum \u00eel folosesc. Acest software este furnizat de Google Analytics, care folose\u0219te cookie-uri pentru a urm\u0103ri utilizarea de c\u0103tre vizitatori. Software-ul va salva un cookie pe hard disk-ul computerului t\u0103u pentru a urm\u0103ri \u0219i monitoriza implicarea \u0219i utilizarea site-ului, dar nu va stoca, salva sau colecta informa\u021bii personale. Po\u021bi citi politica de confiden\u021bialitate a Google <a href=\"https:\/\/policies.google.com\/privacy\" target=\"_blank\" rel=\"noreferrer noopener\">aici<\/a> pentru mai multe informa\u021bii.   <br\/><br\/>Alte cookie-uri pot fi stocate pe hard disk-ul computerului t\u0103u de c\u0103tre furnizori externi atunci c\u00e2nd acest site folose\u0219te programe de referin\u021b\u0103, linkuri sponsorizate sau reclame. Astfel de cookie-uri sunt utilizate pentru urm\u0103rirea conversiilor \u0219i a referin\u021belor \u0219i, de obicei, expir\u0103 dup\u0103 30 de zile, de\u0219i unele pot dura mai mult. Nu sunt stocate, salvate sau colectate informa\u021bii personale.  <\/p>\n\n\n\n<div style=\"height:25px\" aria-hidden=\"true\" class=\"wp-block-spacer\"><\/div>\n\n\n\n<p><strong>Ce sunt cookie-urile?<\/strong><\/p>\n\n\n\n<p>Cookie-urile sunt fi\u0219iere mici salvate pe hard disk-ul computerului utilizatorului care urm\u0103resc, salveaz\u0103 \u0219i stocheaz\u0103 informa\u021bii despre interac\u021biunile \u0219i utilizarea site-ului de c\u0103tre utilizator. Acest lucru permite site-ului, prin intermediul serverului s\u0103u, s\u0103 ofere utilizatorilor o experien\u021b\u0103 personalizat\u0103 \u00een cadrul acestui site. <br\/><br\/>Cookie-urile sunt fi\u0219iere mici salvate pe hard disk-ul computerului utilizatorului care urm\u0103resc, salveaz\u0103 \u0219i stocheaz\u0103 informa\u021bii despre interac\u021biunile \u0219i utilizarea site-ului de c\u0103tre utilizator. Acest lucru permite site-ului, prin intermediul serverului s\u0103u, s\u0103 ofere utilizatorilor o experien\u021b\u0103 personalizat\u0103 \u00een cadrul acestui site. <\/p>\n\n\n\n<div style=\"height:25px\" aria-hidden=\"true\" class=\"wp-block-spacer\"><\/div>\n\n\n\n<p><strong>Ce cookie-uri sunt utilizate pe acest site?<\/strong><\/p>\n\n\n\n<p><em>PHPSESSI<\/em><br\/>Acesta este un cookie de sesiune folosit pentru a p\u0103stra datele \u00eentre acces\u0103rile ulterioare. Este un cookie temporar care r\u0103m\u00e2ne \u00een fi\u0219ierul de cookie-uri al browserului t\u0103u p\u00e2n\u0103 c\u00e2nd \u00eenchizi browserul. Este folosit \u00een principal pentru a men\u021bine identitatea ta.  <br\/><br\/><em>Google Analytics<\/em><br\/>Acesta este un serviciu de analiz\u0103 web furnizat de Google, Inc. Google Analytics seteaz\u0103 un cookie pentru a evalua utilizarea ta \u0219i a compila rapoarte semnificative de trafic pe site. <\/p>\n\n\n\n<div style=\"height:25px\" aria-hidden=\"true\" class=\"wp-block-spacer\"><\/div>\n\n\n\n<p><strong>Cum s\u0103 activezi \u0219i s\u0103 dezactivezi cookie-urile<\/strong><\/p>\n\n\n\n<p><em>Google Chrome<\/em><\/p>\n\n\n\n<ol class=\"wp-block-list\">\n<li>D\u0103 clic pe pictograma \u201echeie\u201d din browser (de obicei se g\u0103se\u0219te \u00een col\u021bul din dreapta sus) pentru a deschide meniul de instrumente<\/li>\n\n\n\n<li>Din meniul de instrumente selecteaz\u0103 \u201eOp\u021biuni\u201d<\/li>\n\n\n\n<li>D\u0103 clic pe fila \u201eSub capot\u0103\u201d din meniul din st\u00e2nga.<\/li>\n\n\n\n<li>\u00cen sec\u021biunea \u201eConfiden\u021bialitate\u201d, selecteaz\u0103 butonul \u201eSet\u0103ri de con\u021binut\u201d<\/li>\n\n\n\n<li>Pentru a activa cookie-urile: selecteaz\u0103 op\u021biunea \u201ePermite setarea datelor locale\u201d<\/li>\n\n\n\n<li>Pentru a dezactiva cookie-urile: selecteaz\u0103 op\u021biunea \u201eBlocheaz\u0103 toate cookie-urile\u201d<\/li>\n<\/ol>\n\n\n\n<p>Re\u021bine c\u0103 exist\u0103 diferite niveluri de activare \u0219i dezactivare a cookie-urilor \u00een Chrome. Pentru mai multe informa\u021bii despre alte set\u0103ri de cookie-uri oferite \u00een Chrome, consult\u0103 Google. <\/p>\n\n\n\n<p><em>Microsoft Internet Explorer 6.0, 7.0, 8.0, 9.0, 10.0, 11.0<\/em><\/p>\n\n\n\n<ol class=\"wp-block-list\">\n<li>D\u0103 clic pe \u201eInstrumente\u201d \u00een partea de sus a ferestrei browserului \u0219i selecteaz\u0103 \u201eOp\u021biuni Internet\u201d<\/li>\n\n\n\n<li>\u00cen fereastra de op\u021biuni, navigheaz\u0103 la fila \u201eConfiden\u021bialitate\u201d<\/li>\n\n\n\n<li>Pentru a activa cookie-urile: Seteaz\u0103 cursorul la \u201eMediu\u201d sau mai jos<\/li>\n\n\n\n<li>Pentru a dezactiva cookie-urile: Mut\u0103 cursorul \u00een partea de sus pentru a bloca toate cookie-urile<\/li>\n<\/ol>\n\n\n\n<p>Re\u021bine c\u0103 exist\u0103 diferite niveluri de activare \u0219i dezactivare a cookie-urilor \u00een Explorer. Pentru mai multe informa\u021bii despre alte set\u0103ri de cookie-uri oferite \u00een Internet Explorer, consult\u0103 <a href=\"https:\/\/support.microsoft.com\/en-gb\/windows\/manage-cookies-in-microsoft-edge-view-allow-block-delete-and-use-168dab11-0753-043d-7c16-ede5947fc64d#ie=ie-11\" target=\"_blank\" rel=\"noreferrer noopener\">aceast\u0103 pagin\u0103 de la Microsoft<\/a>. <\/p>\n\n\n\n<p><em>Mozilla Firefox<\/em><\/p>\n\n\n\n<ol class=\"wp-block-list\">\n<li>D\u0103 clic pe \u201eInstrumente\u201d \u00een meniul browserului \u0219i selecteaz\u0103 \u201eOp\u021biuni\u201d<\/li>\n\n\n\n<li>Selecteaz\u0103 panoul Confiden\u021bialitate<\/li>\n\n\n\n<li>Pentru a activa cookie-urile: Bifeaz\u0103 \u201eAccept\u0103 cookie-uri pentru site-uri\u201d<\/li>\n\n\n\n<li>Pentru a dezactiva cookie-urile: Debifeaz\u0103 \u201eAccept\u0103 cookie-uri pentru site-uri\u201d<\/li>\n<\/ol>\n\n\n\n<p>Re\u021bine c\u0103 exist\u0103 diferite niveluri de activare \u0219i dezactivare a cookie-urilor \u00een Firefox. Pentru mai multe informa\u021bii, consult\u0103 <a href=\"http:\/\/support.mozilla.org\/en-US\/kb\/Enabling%20and%20disabling%20cookies\" target=\"_blank\" rel=\"noreferrer noopener\">Mozilla<\/a>. <\/p>\n\n\n\n<p><em>Opera<\/em><\/p>\n\n\n\n<ol class=\"wp-block-list\">\n<li>D\u0103 clic pe \u201eSetare\u201d \u00een meniul browserului \u0219i selecteaz\u0103 \u201eSet\u0103ri\u201d<\/li>\n\n\n\n<li>Selecteaz\u0103 \u201ePreferin\u021be rapide\u201d<\/li>\n\n\n\n<li>Pentru a activa cookie-urile: bifeaz\u0103 \u201eActiveaz\u0103 cookie-urile\u201d<\/li>\n\n\n\n<li>Pentru a dezactiva cookie-urile: debifeaz\u0103 \u201eActiveaz\u0103 cookie-urile\u201d<\/li>\n\n\n\n<li>Re\u021bine c\u0103 exist\u0103 diferite niveluri de activare \u0219i dezactivare a cookie-urilor \u00een Opera. Pentru mai multe informa\u021bii despre alte set\u0103ri de cookie-uri oferite \u00een Opera, consult\u0103 <a href=\"http:\/\/www.opera.com\/browser\/tutorials\/security\/privacy\/\" target=\"_blank\" rel=\"noreferrer noopener\">Opera Software<\/a>. <\/li>\n<\/ol>\n\n\n\n<p><em>Safari pe OSX<\/em><\/p>\n\n\n\n<ol class=\"wp-block-list\">\n<li>D\u0103 clic pe \u201eSafari\u201d \u00een bara de meniu \u0219i selecteaz\u0103 op\u021biunea \u201ePreferin\u021be\u201d<\/li>\n\n\n\n<li>D\u0103 clic pe \u201eSecuritate\u201d<\/li>\n\n\n\n<li>Pentru a activa cookie-urile: \u00cen sec\u021biunea \u201eAccept\u0103 cookie-uri\u201d selecteaz\u0103 \u201eDoar de la site-ul pe care navighezi\u201d<\/li>\n\n\n\n<li>Pentru a dezactiva cookie-urile: \u00cen sec\u021biunea \u201eAccept\u0103 cookie-uri\u201d selecteaz\u0103 \u201eNiciodat\u0103\u201d<\/li>\n<\/ol>\n\n\n\n<p>Re\u021bine c\u0103 exist\u0103 diferite niveluri de activare \u0219i dezactivare a cookie-urilor \u00een Safari. Pentru mai multe informa\u021bii despre alte set\u0103ri de cookie-uri oferite \u00een Safari, consult\u0103 <a href=\"http:\/\/docs.info.apple.com\/article.html?path=Safari\/3.0\/en\/9277.html\" target=\"_blank\" rel=\"noreferrer noopener\">Apple<\/a>. <\/p>\n\n\n\n<p><em>Toate celelalte browsere<\/em><\/p>\n\n\n\n<p>Te rug\u0103m s\u0103 cau\u021bi o func\u021bie de \u201eajutor\u201d \u00een browser sau s\u0103 contactezi furnizorul browserului.<\/p>\n\n\n\n<p><br\/>\u200b<\/p>\n<\/div>\n<\/div>\n\n<\/div>\n            <\/div>\n            <\/section>\n","protected":false},"excerpt":{"rendered":"","protected":false},"author":1,"featured_media":0,"parent":0,"menu_order":0,"comment_status":"closed","ping_status":"closed","template":"","meta":{"_acf_changed":false,"navigation_active_colour":"","footnotes":""},"class_list":["post-1066","page","type-page","status-publish","hentry"],"acf":[],"_links":{"self":[{"href":"https:\/\/soundorigins.org\/ro\/wp-json\/wp\/v2\/pages\/1066","targetHints":{"allow":["GET"]}}],"collection":[{"href":"https:\/\/soundorigins.org\/ro\/wp-json\/wp\/v2\/pages"}],"about":[{"href":"https:\/\/soundorigins.org\/ro\/wp-json\/wp\/v2\/types\/page"}],"author":[{"embeddable":true,"href":"https:\/\/soundorigins.org\/ro\/wp-json\/wp\/v2\/users\/1"}],"replies":[{"embeddable":true,"href":"https:\/\/soundorigins.org\/ro\/wp-json\/wp\/v2\/comments?post=1066"}],"version-history":[{"count":1,"href":"https:\/\/soundorigins.org\/ro\/wp-json\/wp\/v2\/pages\/1066\/revisions"}],"predecessor-version":[{"id":1067,"href":"https:\/\/soundorigins.org\/ro\/wp-json\/wp\/v2\/pages\/1066\/revisions\/1067"}],"wp:attachment":[{"href":"https:\/\/soundorigins.org\/ro\/wp-json\/wp\/v2\/media?parent=1066"}],"curies":[{"name":"wp","href":"https:\/\/api.w.org\/{rel}","templated":true}]}}