{"id":1056,"date":"2025-07-18T09:44:18","date_gmt":"2025-07-18T08:44:18","guid":{"rendered":"https:\/\/soundorigins.kindred.agency\/acasa\/"},"modified":"2025-10-16T11:14:03","modified_gmt":"2025-10-16T10:14:03","slug":"acasa","status":"publish","type":"page","link":"https:\/\/soundorigins.org\/ro\/","title":{"rendered":"Acas\u0103"},"content":{"rendered":"<div class=\"wp-block-home-hero\">\n            <div class=\"bg-purple min-h-0 flex flex-col\">\n        <main class=\"flex-1 relative bg-cover bg-no-repeat w-full flex flex-col\"\n            style=\"background-image: url('https:\/\/soundorigins.org\/app\/uploads\/2025\/07\/background-scaled.jpg')\">\n            <div class=\"flex relative items-start pt-8 md:flex-1 md:items-center md:pt-0 md:pb-0 justify-start md:justify-center\">\n\n                \n                <div class=\"block md:hidden absolute inset-0 w-full h-full overflow-hidden\" dir=\"ltr\">\n                    <svg width=\"360\" height=\"637\" viewBox=\"0 0 360 637\" fill=\"none\" xmlns=\"http:\/\/www.w3.org\/2000\/svg\" preserveAspectRatio=\"xMidYMid slice\" class=\"absolute inset-0 w-full h-full\">\n                        <g clip-path=\"url(#clip0_183_458)\">\n                            <path d=\"M516.545 376.627C534.457 169.054 319.264 -19.0564 35.9036 -43.5075C-247.456 -67.9587 -450.669 87.7453 -509.585 288.082C-612.696 638.645 -318.696 672.649 -25.2438 665.343C259.227 658.257 498.651 584.221 516.564 376.629\" fill=\"#A5546C\" fill-opacity=\"0.7\"\/>\n                        <\/g>\n                        <defs>\n                            <clipPath id=\"clip0_183_458\">\n                                <rect width=\"360\" height=\"636\" fill=\"white\" transform=\"translate(0 0.432007)\"\/>\n                            <\/clipPath>\n                        <\/defs>\n                    <\/svg>\n                <\/div>\n\n                <div class=\"container relative z-10 flex items-center justify-start w-full px-8 pb-12 md:px-0 md:pb-0 md:h-[700px]\" dir=\"ltr\">\n  <div\n                        class=\"desktop-blob hidden md:block absolute inset-0 w-auto h-full ml-[-160px] pointer-events-none z-0\" dir=\"ltr\">\n                        <svg width=\"1124\" height=\"800\" viewBox=\"0 0 1124 800\" fill=\"none\"\n                            xmlns=\"http:\/\/www.w3.org\/2000\/svg\" class=\"h-full w-auto object-contain object-center-left\">\n                            <g opacity=\"0.7\">\n                                <mask id=\"mask0_82_77\" style=\"mask-type:alpha\" maskUnits=\"userSpaceOnUse\" x=\"0\" y=\"107\"\n                                    width=\"1124\" height=\"693\">\n                                    <rect y=\"107\" width=\"1124\" height=\"693\" fill=\"#D9D9D9\" \/>\n                                <\/mask>\n                                <g mask=\"url(#mask0_82_77)\">\n                                    <path\n                                        d=\"M1079.81 481.337C1069.79 264.665 821.882 100.09 526.101 113.77C230.321 127.45 41.9916 316.041 8.70264 530.876C-49.5644 906.812 258.509 901.529 560.343 853.689C852.94 807.311 1089.85 698.028 1079.83 481.336\"\n                                        fill=\"#A5546C\" \/>\n                                <\/g>\n                            <\/g>\n                        <\/svg>\n                    <\/div>\n                    <div class=\"text-start rtl:text-end text-cream max-w-[660px] md:mt-30 w-full flex flex-col gap-1.5 md:gap-[19px] relative z-10\">\n                                                    <h1 class=\"font-title text-cream font-medium leading-[42px] md:leading-[59px]! text-[34px] md:text-[49px]!\">\n                                Conectarea cu bebelu\u0219ul t\u0103u prin sunet \u0219i c\u00e2ntec\n                            <\/h1>\n                        \n                                                    <p class=\"font-title text-cream leading-[29px] md:leading-[125%]! text-[14px] md:text-[24px]!\">\n                                Sound Origins este un loc care ajut\u0103 p\u0103rin\u021bii, familiile \u0219i profesioni\u0219tii din domeniul s\u0103n\u0103t\u0103\u021bii s\u0103 foloseasc\u0103 sunetul \u0219i c\u00e2ntecul pentru a face fa\u021b\u0103 multelor speran\u021be \u0219i provoc\u0103ri care apar atunci c\u00e2nd un bebelu\u0219 este grav bolnav \u0219i are nevoie de sprijinul unei unit\u0103\u021bi de terapie intensiv\u0103 neonatal\u0103.\n                            <\/p>\n                        \n                                                    <div class=\"self-start\">\n                                <div class=\"wp-block-buttons is-layout-flex wp-block-buttons-is-layout-flex\">\n                                    <div class=\"wp-block-button\">\n                                        <a class=\"wp-block-button__link has-cream-background-color has-purple-color has-text-color has-background wp-element-button hover:opacity-80\" \n                                           href=\"https:\/\/soundorigins.org\/about\/\"\n                                           >\n                                            Afl\u0103 mai multe\n                                        <\/a>\n                                    <\/div>\n                                <\/div>\n                            <\/div>\n                                            <\/div>\n<\/div>            <\/div>\n        <\/main>\n    <\/div>\n        <\/div>\n\n\n\n<div class=\"wp-block-columns has-cream-background-color has-background is-layout-flex wp-container-core-columns-is-layout-ec2e7a44 wp-block-columns-is-layout-flex\" style=\"padding-top:0;padding-bottom:0\">\n<div class=\"wp-block-column is-layout-constrained wp-container-core-column-is-layout-fb77a2b8 wp-block-column-is-layout-constrained\">\n<figure class=\"wp-block-video\"><video controls poster=\"https:\/\/soundorigins.org\/app\/uploads\/2025\/10\/SO_Video_Parents-thumb.jpg\" src=\"https:\/\/dmt-ipad.s3.eu-west-2.amazonaws.com\/Sound+Origins+Parents.mp4\"><\/video><\/figure>\n\n\n\n<p class=\"has-purple-color has-text-color has-link-color wp-elements-5c2a8791e64ce80246e64a30919229eb\">Fiecare dintre subiectele pe care le oferim \u00ee\u0219i propune s\u0103 ajute p\u0103rin\u021bii, profesioni\u0219tii din domeniul s\u0103n\u0103t\u0103\u021bii \u0219i muzicoterapeu\u021bii s\u0103 foloseasc\u0103 capacitatea de a folosi sunetul pentru a crea conexiuni cu tine \u00eensu\u021bi, cu bebelu\u0219ul t\u0103u \u0219i cu re\u021beaua ta de sprijin.<\/p>\n<\/div>\n<\/div>\n\n\n<section class=\"home-image-row wp-block-section has-background has-rose-background-color\" style=\"\">\n                    <div class=\"w-full h-full\">\n                <div class=\"acf-innerblocks-container\">\n\n<div class=\"wp-block-columns sage-break-out-left is-layout-flex wp-container-core-columns-is-layout-28f84493 wp-block-columns-is-layout-flex\" style=\"display:flex;overflow:visible\">\n<div class=\"wp-block-column sage-mobile-second is-layout-flow wp-block-column-is-layout-flow\" style=\"padding-top:var(--wp--preset--spacing--section-desktop);padding-bottom:0\">\n<figure class=\"wp-block-image size-full float-left\"><img loading=\"lazy\" decoding=\"async\" width=\"696\" height=\"519\" src=\"https:\/\/soundorigins.org\/app\/uploads\/2025\/07\/overflow-people.png\" alt=\"\" class=\"wp-image-154\" srcset=\"https:\/\/soundorigins.org\/app\/uploads\/2025\/07\/overflow-people.png 696w, https:\/\/soundorigins.org\/app\/uploads\/2025\/07\/overflow-people-300x224.png 300w\" sizes=\"auto, (max-width: 696px) 100vw, 696px\" \/><\/figure>\n<\/div>\n\n\n\n<div class=\"wp-block-column is-style-vertical-top mobile-section-desktop-spacing-bottom desktop-vertical-center is-layout-flow wp-block-column-is-layout-flow\" style=\"padding-top:0;padding-bottom:0\">\n<h2 class=\"wp-block-heading has-5-xl-font-size\">Cere-le prietenilor \u0219i familiei s\u0103 \u00eempart\u0103 sunete \u0219i c\u00e2ntece cu tine, astfel \u00eenc\u00e2t s\u0103 po\u021bi asculta \u00eempreun\u0103 cu bebelu\u0219ul t\u0103u, partenerul t\u0103u sau singur<\/h2>\n\n\n\n<div style=\"height:var(--wp--preset--spacing--medium)\" aria-hidden=\"true\" class=\"wp-block-spacer\"><\/div>\n\n\n\n<div class=\"wp-block-buttons is-layout-flex wp-block-buttons-is-layout-flex\">\n<div class=\"wp-block-button is-style-link\"><a class=\"wp-block-button__link has-purple-color has-text-color has-link-color wp-element-button\" href=\"https:\/\/soundorigins.org\/ro\/daruri-muzicale\/\">Daruri muzicale<\/a><\/div>\n<\/div>\n<\/div>\n<\/div>\n\n<\/div>\n            <\/div>\n            <\/section>\n\n\n<section class=\"home-image-row wp-block-section has-background has-grey-background-color\" style=\"\">\n                    <div class=\"w-full h-full\">\n                <div class=\"acf-innerblocks-container\">\n\n<div class=\"wp-block-columns sage-break-out-right is-layout-flex wp-container-core-columns-is-layout-28f84493 wp-block-columns-is-layout-flex\" style=\"display:flex;overflow:visible\">\n<div class=\"wp-block-column is-style-vertical-top mobile-section-desktop-spacing-bottom desktop-vertical-center is-layout-flow wp-block-column-is-layout-flow\" style=\"padding-top:0;padding-bottom:0\">\n<h2 class=\"wp-block-heading has-5-xl-font-size\">Jurnalul nostru con\u021bine idei pentru folosirea sunetului \u0219i c\u00e2ntecului \u0219i spa\u021bii pentru autoreflec\u021bie<\/h2>\n\n\n\n<div style=\"height:var(--wp--preset--spacing--medium)\" aria-hidden=\"true\" class=\"wp-block-spacer\"><\/div>\n\n\n\n<div class=\"wp-block-buttons is-layout-flex wp-block-buttons-is-layout-flex\">\n<div class=\"wp-block-button is-style-link\"><a class=\"wp-block-button__link has-purple-color has-text-color has-link-color wp-element-button\" href=\"https:\/\/soundorigins.org\/ro\/jurnal\/\">Jurnal<\/a><\/div>\n<\/div>\n\n\n\n<div style=\"height:0\" aria-hidden=\"true\" class=\"wp-block-spacer\"><\/div>\n<\/div>\n\n\n\n<div class=\"wp-block-column is-layout-flow wp-block-column-is-layout-flow\" style=\"padding-top:var(--wp--preset--spacing--section-desktop);padding-bottom:0\">\n<figure class=\"wp-block-image size-full float-right\"><img loading=\"lazy\" decoding=\"async\" width=\"709\" height=\"488\" src=\"https:\/\/soundorigins.org\/app\/uploads\/2025\/07\/book-bleed-no-padding.png\" alt=\"\" class=\"wp-image-174\" srcset=\"https:\/\/soundorigins.org\/app\/uploads\/2025\/07\/book-bleed-no-padding.png 709w, https:\/\/soundorigins.org\/app\/uploads\/2025\/07\/book-bleed-no-padding-300x206.png 300w\" sizes=\"auto, (max-width: 709px) 100vw, 709px\" \/><\/figure>\n<\/div>\n<\/div>\n\n<\/div>\n            <\/div>\n            <\/section>\n\n\n<section class=\"wp-block-section has-background has-peach-background-color\" style=\"\">\n                    <div class=\"w-full h-full\">\n                <div class=\"acf-innerblocks-container\">\n\n<div class=\"wp-block-columns is-layout-flex wp-container-core-columns-is-layout-28f84493 wp-block-columns-is-layout-flex\">\n<div class=\"wp-block-column is-style-vertical-bottom sage-column-align-bottom sage-mobile-second is-layout-flow wp-block-column-is-layout-flow\" style=\"padding-top:0;padding-bottom:0\">\n<div style=\"height:100px\" aria-hidden=\"true\" class=\"wp-block-spacer hide-on-mobile\"><\/div>\n\n\n\n<figure class=\"wp-block-image size-full is-resized mobile-center-image desktop-phone-img\"><img decoding=\"async\" src=\"https:\/\/soundorigins.org\/app\/uploads\/2025\/10\/phone-multi-languages-home.png\" alt=\"\" class=\"wp-image-1226\" style=\"width:482px\"\/><\/figure>\n<\/div>\n\n\n\n<div class=\"wp-block-column is-style-vertical-top desktop-vertical-center is-layout-flow wp-block-column-is-layout-flow\">\n<h2 class=\"wp-block-heading has-5-xl-font-size\">Playlisturile ajut\u0103 p\u0103rin\u021bii \u0219i personalul s\u0103 \u00eempart\u0103 c\u00e2ntece care ne ajut\u0103 s\u0103 trecem prin diferite st\u0103ri emo\u021bionale.<\/h2>\n\n\n\n<div style=\"height:var(--wp--preset--spacing--medium)\" aria-hidden=\"true\" class=\"wp-block-spacer\"><\/div>\n\n\n\n<div class=\"wp-block-buttons is-layout-flex wp-block-buttons-is-layout-flex\">\n<div class=\"wp-block-button is-style-link\"><a class=\"wp-block-button__link has-purple-color has-text-color has-link-color wp-element-button\" href=\"https:\/\/soundorigins.org\/ro\/liste-de-redare\/\">Liste de redare<\/a><\/div>\n<\/div>\n<\/div>\n<\/div>\n\n<\/div>\n            <\/div>\n            <\/section>\n\n\n<section class=\"wp-block-section has-background has-cream-background-color\" style=\"\">\n                    <div class=\"container w-full h-full\">\n  <div class=\"acf-innerblocks-container\">\n\n<div class=\"wp-block-columns is-style-vertical-center is-layout-flex wp-container-core-columns-is-layout-a5331a9e wp-block-columns-is-layout-flex\" style=\"padding-top:0;padding-right:0;padding-bottom:0;padding-left:0\">\n<div class=\"wp-block-column is-layout-constrained wp-container-core-column-is-layout-782236d7 wp-block-column-is-layout-constrained\">\n<h2 class=\"wp-block-heading is-style-title-font has-purple-color has-text-color has-link-color wp-elements-1e8c82bea2a7d724c4e0408b294f4f02\">Sound Origins a fost dezvoltat \u00een colaborare cu p\u0103rin\u021bi \u0219i profesioni\u0219ti din domeniul s\u0103n\u0103t\u0103\u021bii care au experien\u021ba tr\u0103it\u0103 de a avea grij\u0103 de un bebelu\u0219 grav bolnav \u00eentr-o unitate neonatal\u0103.<\/h2>\n\n\n\n<div class=\"wp-block-buttons is-layout-flex wp-block-buttons-is-layout-flex\">\n<div class=\"wp-block-button\"><a class=\"wp-block-button__link has-accent-purple-background-color has-background wp-element-button\" href=\"https:\/\/soundorigins.org\/ro\/conecteaza-te\/\">Conecteaz\u0103-te cu noi<\/a><\/div>\n<\/div>\n<\/div>\n<\/div>\n\n<\/div>\n<\/div>            <\/section>\n","protected":false},"excerpt":{"rendered":"<p>Fiecare dintre subiectele pe care le oferim \u00ee\u0219i propune s\u0103 ajute p\u0103rin\u021bii, profesioni\u0219tii din domeniul s\u0103n\u0103t\u0103\u021bii \u0219i muzicoterapeu\u021bii s\u0103 foloseasc\u0103 capacitatea de a folosi sunetul pentru a crea conexiuni cu tine \u00eensu\u021bi, cu bebelu\u0219ul t\u0103u \u0219i cu re\u021beaua ta de sprijin.<\/p>\n","protected":false},"author":1,"featured_media":0,"parent":0,"menu_order":0,"comment_status":"closed","ping_status":"open","template":"","meta":{"_acf_changed":false,"navigation_active_colour":"","footnotes":""},"class_list":["post-1056","page","type-page","status-publish","hentry"],"acf":[],"_links":{"self":[{"href":"https:\/\/soundorigins.org\/ro\/wp-json\/wp\/v2\/pages\/1056","targetHints":{"allow":["GET"]}}],"collection":[{"href":"https:\/\/soundorigins.org\/ro\/wp-json\/wp\/v2\/pages"}],"about":[{"href":"https:\/\/soundorigins.org\/ro\/wp-json\/wp\/v2\/types\/page"}],"author":[{"embeddable":true,"href":"https:\/\/soundorigins.org\/ro\/wp-json\/wp\/v2\/users\/1"}],"replies":[{"embeddable":true,"href":"https:\/\/soundorigins.org\/ro\/wp-json\/wp\/v2\/comments?post=1056"}],"version-history":[{"count":3,"href":"https:\/\/soundorigins.org\/ro\/wp-json\/wp\/v2\/pages\/1056\/revisions"}],"predecessor-version":[{"id":1257,"href":"https:\/\/soundorigins.org\/ro\/wp-json\/wp\/v2\/pages\/1056\/revisions\/1257"}],"wp:attachment":[{"href":"https:\/\/soundorigins.org\/ro\/wp-json\/wp\/v2\/media?parent=1056"}],"curies":[{"name":"wp","href":"https:\/\/api.w.org\/{rel}","templated":true}]}}